{"id":30657,"date":"2025-11-07T10:14:06","date_gmt":"2025-11-07T09:14:06","guid":{"rendered":"https:\/\/pixoworld.com\/?post_type=product&#038;p=30657"},"modified":"2025-11-07T12:46:46","modified_gmt":"2025-11-07T11:46:46","slug":"trueno-sinfreno","status":"publish","type":"product","link":"https:\/\/pixoworld.com\/it\/producto\/trueno-sinfreno\/","title":{"rendered":"Trueno Sinfreno"},"content":{"rendered":"<p>Pixo \u00e8 sia un giocattolo per bambini che un hobby per adulti, con pi\u00f9 di 150 modelli dedicati a personaggi di film, serie, animazione, videogiochi, musica &#8230;<\/p>\n<p>Die Minibl\u00f6cke \u00e4hneln den Teilen der beliebtesten Bausteinsets, sind jedoch kleiner. Sie bestehen aus hochwertigem ABS-Kunststoff, passen perfekt zusammen und sind hervorragend verarbeitet.<\/p>\n<p>Questo modello consiste in un kit di mini blocchi da costruzione con cui \u00e8 possibile assemblare un puzzle tridimensionale per dare forma alla miniatura del proprio personaggio preferito.<br \/>\nInclude un foglio di istruzioni.<\/p>\n<p>Promuove una migliore creativit\u00e0, capacit\u00e0 psicomotorie e visione spaziale.<\/p>\n<p><img decoding=\"async\" class=\"alignnone wp-image-3532 size-full iconos-producto\" src=\"https:\/\/pixoworld.com\/wp-content\/uploads\/2020\/11\/iconos-producto.png\" alt=\"\" width=\"307\" height=\"60\" \/><\/p>\n","protected":false},"excerpt":{"rendered":"<p class=\"ai-optimize-30\">\u00c8 la pi\u00f9 narcisista delle auto parlanti. Tuono Senzafreno \u00e8 ideale per meccanici e persone con traumi infantili. L\u2019essenziale \u00e8 ricordare il suo messaggio: \u00abl\u2019importante non \u00e8 vincere, ma venire bene in foto\u00bb.<\/p>\n","protected":false},"featured_media":30677,"template":"","meta":[],"product_brand":[],"product_cat":[416],"product_tag":[1631,1223],"class_list":{"0":"post-30657","1":"product","2":"type-product","3":"status-publish","4":"has-post-thumbnail","6":"product_cat-eroi","7":"product_tag-cars-it","8":"product_tag-pixar-it","10":"first","11":"instock","12":"taxable","13":"shipping-taxable","14":"purchasable","15":"product-type-simple"},"yoast_head":"<!-- This site is optimized with the Yoast SEO plugin v26.1.1 - https:\/\/yoast.com\/wordpress\/plugins\/seo\/ -->\n<title>Trueno Sinfreno - Pixo<\/title>\n<meta name=\"robots\" content=\"index, follow, max-snippet:-1, max-image-preview:large, max-video-preview:-1\" \/>\n<link rel=\"canonical\" href=\"https:\/\/pixoworld.com\/it\/producto\/trueno-sinfreno\/\" \/>\n<meta property=\"og:locale\" content=\"it_IT\" \/>\n<meta property=\"og:type\" content=\"article\" \/>\n<meta property=\"og:title\" content=\"Trueno Sinfreno - Pixo\" \/>\n<meta property=\"og:description\" content=\"\u00c8 la pi\u00f9 narcisista delle auto parlanti. Tuono Senzafreno \u00e8 ideale per meccanici e persone con traumi infantili. L\u2019essenziale \u00e8 ricordare il suo messaggio: \u00abl\u2019importante non \u00e8 vincere, ma venire bene in foto\u00bb.\" \/>\n<meta property=\"og:url\" content=\"https:\/\/pixoworld.com\/it\/producto\/trueno-sinfreno\/\" \/>\n<meta property=\"og:site_name\" content=\"Pixo\" \/>\n<meta property=\"article:publisher\" content=\"http:\/\/www.facebook.com\/pixoworld\" \/>\n<meta property=\"article:modified_time\" content=\"2025-11-07T11:46:46+00:00\" \/>\n<meta property=\"og:image\" content=\"https:\/\/pixoworld.com\/wp-content\/uploads\/2025\/10\/CR001.png\" \/>\n\t<meta property=\"og:image:width\" content=\"1000\" \/>\n\t<meta property=\"og:image:height\" content=\"1000\" \/>\n\t<meta property=\"og:image:type\" content=\"image\/png\" \/>\n<meta name=\"twitter:card\" content=\"summary_large_image\" \/>\n<meta name=\"twitter:site\" content=\"@pixoworld\" \/>\n<meta name=\"twitter:label1\" content=\"Tempo di lettura stimato\" \/>\n\t<meta name=\"twitter:data1\" content=\"1 minuto\" \/>\n<script type=\"application\/ld+json\" class=\"yoast-schema-graph\">{\"@context\":\"https:\/\/schema.org\",\"@graph\":[{\"@type\":\"WebPage\",\"@id\":\"https:\/\/pixoworld.com\/it\/producto\/trueno-sinfreno\/\",\"url\":\"https:\/\/pixoworld.com\/it\/producto\/trueno-sinfreno\/\",\"name\":\"Trueno Sinfreno - Pixo\",\"isPartOf\":{\"@id\":\"https:\/\/pixoworld.com\/it\/#website\"},\"primaryImageOfPage\":{\"@id\":\"https:\/\/pixoworld.com\/it\/producto\/trueno-sinfreno\/#primaryimage\"},\"image\":{\"@id\":\"https:\/\/pixoworld.com\/it\/producto\/trueno-sinfreno\/#primaryimage\"},\"thumbnailUrl\":\"https:\/\/pixoworld.com\/wp-content\/uploads\/2025\/10\/CR001.png\",\"datePublished\":\"2025-11-07T09:14:06+00:00\",\"dateModified\":\"2025-11-07T11:46:46+00:00\",\"inLanguage\":\"it-IT\",\"potentialAction\":[{\"@type\":\"ReadAction\",\"target\":[\"https:\/\/pixoworld.com\/it\/producto\/trueno-sinfreno\/\"]}]},{\"@type\":\"ImageObject\",\"inLanguage\":\"it-IT\",\"@id\":\"https:\/\/pixoworld.com\/it\/producto\/trueno-sinfreno\/#primaryimage\",\"url\":\"https:\/\/pixoworld.com\/wp-content\/uploads\/2025\/10\/CR001.png\",\"contentUrl\":\"https:\/\/pixoworld.com\/wp-content\/uploads\/2025\/10\/CR001.png\",\"width\":1000,\"height\":1000},{\"@type\":\"WebSite\",\"@id\":\"https:\/\/pixoworld.com\/it\/#website\",\"url\":\"https:\/\/pixoworld.com\/it\/\",\"name\":\"Pixo\",\"description\":\"Juntos, somos Pixo\",\"publisher\":{\"@id\":\"https:\/\/pixoworld.com\/it\/#organization\"},\"potentialAction\":[{\"@type\":\"SearchAction\",\"target\":{\"@type\":\"EntryPoint\",\"urlTemplate\":\"https:\/\/pixoworld.com\/it\/?s={search_term_string}\"},\"query-input\":{\"@type\":\"PropertyValueSpecification\",\"valueRequired\":true,\"valueName\":\"search_term_string\"}}],\"inLanguage\":\"it-IT\"},{\"@type\":\"Organization\",\"@id\":\"https:\/\/pixoworld.com\/it\/#organization\",\"name\":\"Pixoworld\",\"alternateName\":\"PIXO\",\"url\":\"https:\/\/pixoworld.com\/it\/\",\"logo\":{\"@type\":\"ImageObject\",\"inLanguage\":\"it-IT\",\"@id\":\"https:\/\/pixoworld.com\/it\/#\/schema\/logo\/image\/\",\"url\":\"https:\/\/pixoworld.com\/wp-content\/uploads\/2021\/11\/pixo-logotipo.png\",\"contentUrl\":\"https:\/\/pixoworld.com\/wp-content\/uploads\/2021\/11\/pixo-logotipo.png\",\"width\":200,\"height\":106,\"caption\":\"Pixoworld\"},\"image\":{\"@id\":\"https:\/\/pixoworld.com\/it\/#\/schema\/logo\/image\/\"},\"sameAs\":[\"http:\/\/www.facebook.com\/pixoworld\",\"https:\/\/x.com\/pixoworld\",\"https:\/\/www.instagram.com\/pixoworld\/\"]}]}<\/script>\n<!-- \/ Yoast SEO plugin. -->","yoast_head_json":{"title":"Trueno Sinfreno - Pixo","robots":{"index":"index","follow":"follow","max-snippet":"max-snippet:-1","max-image-preview":"max-image-preview:large","max-video-preview":"max-video-preview:-1"},"canonical":"https:\/\/pixoworld.com\/it\/producto\/trueno-sinfreno\/","og_locale":"it_IT","og_type":"article","og_title":"Trueno Sinfreno - Pixo","og_description":"\u00c8 la pi\u00f9 narcisista delle auto parlanti. Tuono Senzafreno \u00e8 ideale per meccanici e persone con traumi infantili. L\u2019essenziale \u00e8 ricordare il suo messaggio: \u00abl\u2019importante non \u00e8 vincere, ma venire bene in foto\u00bb.","og_url":"https:\/\/pixoworld.com\/it\/producto\/trueno-sinfreno\/","og_site_name":"Pixo","article_publisher":"http:\/\/www.facebook.com\/pixoworld","article_modified_time":"2025-11-07T11:46:46+00:00","og_image":[{"width":1000,"height":1000,"url":"https:\/\/pixoworld.com\/wp-content\/uploads\/2025\/10\/CR001.png","type":"image\/png"}],"twitter_card":"summary_large_image","twitter_site":"@pixoworld","twitter_misc":{"Tempo di lettura stimato":"1 minuto"},"schema":{"@context":"https:\/\/schema.org","@graph":[{"@type":"WebPage","@id":"https:\/\/pixoworld.com\/it\/producto\/trueno-sinfreno\/","url":"https:\/\/pixoworld.com\/it\/producto\/trueno-sinfreno\/","name":"Trueno Sinfreno - Pixo","isPartOf":{"@id":"https:\/\/pixoworld.com\/it\/#website"},"primaryImageOfPage":{"@id":"https:\/\/pixoworld.com\/it\/producto\/trueno-sinfreno\/#primaryimage"},"image":{"@id":"https:\/\/pixoworld.com\/it\/producto\/trueno-sinfreno\/#primaryimage"},"thumbnailUrl":"https:\/\/pixoworld.com\/wp-content\/uploads\/2025\/10\/CR001.png","datePublished":"2025-11-07T09:14:06+00:00","dateModified":"2025-11-07T11:46:46+00:00","inLanguage":"it-IT","potentialAction":[{"@type":"ReadAction","target":["https:\/\/pixoworld.com\/it\/producto\/trueno-sinfreno\/"]}]},{"@type":"ImageObject","inLanguage":"it-IT","@id":"https:\/\/pixoworld.com\/it\/producto\/trueno-sinfreno\/#primaryimage","url":"https:\/\/pixoworld.com\/wp-content\/uploads\/2025\/10\/CR001.png","contentUrl":"https:\/\/pixoworld.com\/wp-content\/uploads\/2025\/10\/CR001.png","width":1000,"height":1000},{"@type":"WebSite","@id":"https:\/\/pixoworld.com\/it\/#website","url":"https:\/\/pixoworld.com\/it\/","name":"Pixo","description":"Juntos, somos Pixo","publisher":{"@id":"https:\/\/pixoworld.com\/it\/#organization"},"potentialAction":[{"@type":"SearchAction","target":{"@type":"EntryPoint","urlTemplate":"https:\/\/pixoworld.com\/it\/?s={search_term_string}"},"query-input":{"@type":"PropertyValueSpecification","valueRequired":true,"valueName":"search_term_string"}}],"inLanguage":"it-IT"},{"@type":"Organization","@id":"https:\/\/pixoworld.com\/it\/#organization","name":"Pixoworld","alternateName":"PIXO","url":"https:\/\/pixoworld.com\/it\/","logo":{"@type":"ImageObject","inLanguage":"it-IT","@id":"https:\/\/pixoworld.com\/it\/#\/schema\/logo\/image\/","url":"https:\/\/pixoworld.com\/wp-content\/uploads\/2021\/11\/pixo-logotipo.png","contentUrl":"https:\/\/pixoworld.com\/wp-content\/uploads\/2021\/11\/pixo-logotipo.png","width":200,"height":106,"caption":"Pixoworld"},"image":{"@id":"https:\/\/pixoworld.com\/it\/#\/schema\/logo\/image\/"},"sameAs":["http:\/\/www.facebook.com\/pixoworld","https:\/\/x.com\/pixoworld","https:\/\/www.instagram.com\/pixoworld\/"]}]}},"_links":{"self":[{"href":"https:\/\/pixoworld.com\/it\/wp-json\/wp\/v2\/product\/30657","targetHints":{"allow":["GET"]}}],"collection":[{"href":"https:\/\/pixoworld.com\/it\/wp-json\/wp\/v2\/product"}],"about":[{"href":"https:\/\/pixoworld.com\/it\/wp-json\/wp\/v2\/types\/product"}],"wp:featuredmedia":[{"embeddable":true,"href":"https:\/\/pixoworld.com\/it\/wp-json\/wp\/v2\/media\/30677"}],"wp:attachment":[{"href":"https:\/\/pixoworld.com\/it\/wp-json\/wp\/v2\/media?parent=30657"}],"wp:term":[{"taxonomy":"product_brand","embeddable":true,"href":"https:\/\/pixoworld.com\/it\/wp-json\/wp\/v2\/product_brand?post=30657"},{"taxonomy":"product_cat","embeddable":true,"href":"https:\/\/pixoworld.com\/it\/wp-json\/wp\/v2\/product_cat?post=30657"},{"taxonomy":"product_tag","embeddable":true,"href":"https:\/\/pixoworld.com\/it\/wp-json\/wp\/v2\/product_tag?post=30657"}],"curies":[{"name":"wp","href":"https:\/\/api.w.org\/{rel}","templated":true}]}}