{"id":14656,"date":"2025-05-13T12:45:55","date_gmt":"2025-05-13T10:45:55","guid":{"rendered":"https:\/\/pixoworld.com\/?post_type=product&#038;p=14656"},"modified":"2025-05-14T11:30:21","modified_gmt":"2025-05-14T09:30:21","slug":"grande-orecchio-xl","status":"publish","type":"product","link":"https:\/\/pixoworld.com\/it\/producto\/grande-orecchio-xl\/","title":{"rendered":"Orejotas XL"},"content":{"rendered":"<p>Pixo \u00e8 sia un giocattolo per bambini che un hobby per adulti, con pi\u00f9 di 150 modelli dedicati a personaggi di film, serie, animazione, videogiochi, musica &#8230;<\/p>\n<p>I mini-blocchi sono simili ai pezzi nei set di blocchi pi\u00f9 popolari ma di dimensioni inferiori. Realizzati in plastica ABS di alta qualit\u00e0, hanno una vestibilit\u00e0 perfetta e una finitura eccellente. <\/p>\n<p>Questo modello consiste in un kit di mini blocchi da costruzione con cui \u00e8 possibile assemblare un puzzle tridimensionale per dare forma alla miniatura del proprio personaggio preferito.<br \/>\nInclude un foglio di istruzioni.<\/p>\n<p>Promuove una migliore creativit\u00e0, capacit\u00e0 psicomotorie e visione spaziale.<\/p>\n<p><img decoding=\"async\" class=\"alignnone wp-image-3532 size-full iconos-producto\" src=\"https:\/\/pixoworld.com\/wp-content\/uploads\/2020\/11\/iconos-producto.png\" alt=\"\" width=\"307\" height=\"60\"><\/p>\n","protected":false},"excerpt":{"rendered":"<p>\u00c8 dispettoso, giocherellone e ha 2 orecchie come le antenne paraboliche di Canal+, le malelingue dicono che viene da fuori, da Despe\u00f1aperros \u201cparriba\u201d.<\/p>\n","protected":false},"featured_media":14686,"template":"","meta":[],"product_brand":[],"product_cat":[1540],"product_tag":[1052,1102,1239,1539,1469],"class_list":{"0":"post-14656","1":"product","2":"type-product","3":"status-publish","4":"has-post-thumbnail","6":"product_cat-xl-it","7":"product_tag-disney-it","8":"product_tag-lilo-it","9":"product_tag-sticht-it","10":"product_tag-stitch-it","11":"product_tag-xl-it","13":"first","14":"instock","15":"sale","16":"featured","17":"taxable","18":"shipping-taxable","19":"purchasable","20":"product-type-simple"},"yoast_head":"<!-- This site is optimized with the Yoast SEO plugin v26.1.1 - https:\/\/yoast.com\/wordpress\/plugins\/seo\/ -->\n<title>Orejotas XL - Pixo<\/title>\n<meta name=\"robots\" content=\"index, follow, max-snippet:-1, max-image-preview:large, max-video-preview:-1\" \/>\n<link rel=\"canonical\" href=\"https:\/\/pixoworld.com\/it\/producto\/grande-orecchio-xl\/\" \/>\n<meta property=\"og:locale\" content=\"it_IT\" \/>\n<meta property=\"og:type\" content=\"article\" \/>\n<meta property=\"og:title\" content=\"Orejotas XL - Pixo\" \/>\n<meta property=\"og:description\" content=\"\u00c8 dispettoso, giocherellone e ha 2 orecchie come le antenne paraboliche di Canal+, le malelingue dicono che viene da fuori, da Despe\u00f1aperros \u201cparriba\u201d.\" \/>\n<meta property=\"og:url\" content=\"https:\/\/pixoworld.com\/it\/producto\/grande-orecchio-xl\/\" \/>\n<meta property=\"og:site_name\" content=\"Pixo\" \/>\n<meta property=\"article:publisher\" content=\"http:\/\/www.facebook.com\/pixoworld\" \/>\n<meta property=\"article:modified_time\" content=\"2025-05-14T09:30:21+00:00\" \/>\n<meta property=\"og:image\" content=\"https:\/\/pixoworld.com\/wp-content\/uploads\/2023\/10\/stitch-xl2_4.png\" \/>\n\t<meta property=\"og:image:width\" content=\"1080\" \/>\n\t<meta property=\"og:image:height\" content=\"1080\" \/>\n\t<meta property=\"og:image:type\" content=\"image\/png\" \/>\n<meta name=\"twitter:card\" content=\"summary_large_image\" \/>\n<meta name=\"twitter:site\" content=\"@pixoworld\" \/>\n<meta name=\"twitter:label1\" content=\"Tempo di lettura stimato\" \/>\n\t<meta name=\"twitter:data1\" content=\"1 minuto\" \/>\n<script type=\"application\/ld+json\" class=\"yoast-schema-graph\">{\"@context\":\"https:\/\/schema.org\",\"@graph\":[{\"@type\":\"WebPage\",\"@id\":\"https:\/\/pixoworld.com\/it\/producto\/grande-orecchio-xl\/\",\"url\":\"https:\/\/pixoworld.com\/it\/producto\/grande-orecchio-xl\/\",\"name\":\"Orejotas XL - Pixo\",\"isPartOf\":{\"@id\":\"https:\/\/pixoworld.com\/it\/#website\"},\"primaryImageOfPage\":{\"@id\":\"https:\/\/pixoworld.com\/it\/producto\/grande-orecchio-xl\/#primaryimage\"},\"image\":{\"@id\":\"https:\/\/pixoworld.com\/it\/producto\/grande-orecchio-xl\/#primaryimage\"},\"thumbnailUrl\":\"https:\/\/pixoworld.com\/wp-content\/uploads\/2023\/10\/stitch-xl2_4.png\",\"datePublished\":\"2025-05-13T10:45:55+00:00\",\"dateModified\":\"2025-05-14T09:30:21+00:00\",\"inLanguage\":\"it-IT\",\"potentialAction\":[{\"@type\":\"ReadAction\",\"target\":[\"https:\/\/pixoworld.com\/it\/producto\/grande-orecchio-xl\/\"]}]},{\"@type\":\"ImageObject\",\"inLanguage\":\"it-IT\",\"@id\":\"https:\/\/pixoworld.com\/it\/producto\/grande-orecchio-xl\/#primaryimage\",\"url\":\"https:\/\/pixoworld.com\/wp-content\/uploads\/2023\/10\/stitch-xl2_4.png\",\"contentUrl\":\"https:\/\/pixoworld.com\/wp-content\/uploads\/2023\/10\/stitch-xl2_4.png\",\"width\":1080,\"height\":1080},{\"@type\":\"WebSite\",\"@id\":\"https:\/\/pixoworld.com\/it\/#website\",\"url\":\"https:\/\/pixoworld.com\/it\/\",\"name\":\"Pixo\",\"description\":\"Juntos, somos Pixo\",\"publisher\":{\"@id\":\"https:\/\/pixoworld.com\/it\/#organization\"},\"potentialAction\":[{\"@type\":\"SearchAction\",\"target\":{\"@type\":\"EntryPoint\",\"urlTemplate\":\"https:\/\/pixoworld.com\/it\/?s={search_term_string}\"},\"query-input\":{\"@type\":\"PropertyValueSpecification\",\"valueRequired\":true,\"valueName\":\"search_term_string\"}}],\"inLanguage\":\"it-IT\"},{\"@type\":\"Organization\",\"@id\":\"https:\/\/pixoworld.com\/it\/#organization\",\"name\":\"Pixoworld\",\"alternateName\":\"PIXO\",\"url\":\"https:\/\/pixoworld.com\/it\/\",\"logo\":{\"@type\":\"ImageObject\",\"inLanguage\":\"it-IT\",\"@id\":\"https:\/\/pixoworld.com\/it\/#\/schema\/logo\/image\/\",\"url\":\"https:\/\/pixoworld.com\/wp-content\/uploads\/2021\/11\/pixo-logotipo.png\",\"contentUrl\":\"https:\/\/pixoworld.com\/wp-content\/uploads\/2021\/11\/pixo-logotipo.png\",\"width\":200,\"height\":106,\"caption\":\"Pixoworld\"},\"image\":{\"@id\":\"https:\/\/pixoworld.com\/it\/#\/schema\/logo\/image\/\"},\"sameAs\":[\"http:\/\/www.facebook.com\/pixoworld\",\"https:\/\/x.com\/pixoworld\",\"https:\/\/www.instagram.com\/pixoworld\/\"]}]}<\/script>\n<!-- \/ Yoast SEO plugin. -->","yoast_head_json":{"title":"Orejotas XL - Pixo","robots":{"index":"index","follow":"follow","max-snippet":"max-snippet:-1","max-image-preview":"max-image-preview:large","max-video-preview":"max-video-preview:-1"},"canonical":"https:\/\/pixoworld.com\/it\/producto\/grande-orecchio-xl\/","og_locale":"it_IT","og_type":"article","og_title":"Orejotas XL - Pixo","og_description":"\u00c8 dispettoso, giocherellone e ha 2 orecchie come le antenne paraboliche di Canal+, le malelingue dicono che viene da fuori, da Despe\u00f1aperros \u201cparriba\u201d.","og_url":"https:\/\/pixoworld.com\/it\/producto\/grande-orecchio-xl\/","og_site_name":"Pixo","article_publisher":"http:\/\/www.facebook.com\/pixoworld","article_modified_time":"2025-05-14T09:30:21+00:00","og_image":[{"width":1080,"height":1080,"url":"https:\/\/pixoworld.com\/wp-content\/uploads\/2023\/10\/stitch-xl2_4.png","type":"image\/png"}],"twitter_card":"summary_large_image","twitter_site":"@pixoworld","twitter_misc":{"Tempo di lettura stimato":"1 minuto"},"schema":{"@context":"https:\/\/schema.org","@graph":[{"@type":"WebPage","@id":"https:\/\/pixoworld.com\/it\/producto\/grande-orecchio-xl\/","url":"https:\/\/pixoworld.com\/it\/producto\/grande-orecchio-xl\/","name":"Orejotas XL - Pixo","isPartOf":{"@id":"https:\/\/pixoworld.com\/it\/#website"},"primaryImageOfPage":{"@id":"https:\/\/pixoworld.com\/it\/producto\/grande-orecchio-xl\/#primaryimage"},"image":{"@id":"https:\/\/pixoworld.com\/it\/producto\/grande-orecchio-xl\/#primaryimage"},"thumbnailUrl":"https:\/\/pixoworld.com\/wp-content\/uploads\/2023\/10\/stitch-xl2_4.png","datePublished":"2025-05-13T10:45:55+00:00","dateModified":"2025-05-14T09:30:21+00:00","inLanguage":"it-IT","potentialAction":[{"@type":"ReadAction","target":["https:\/\/pixoworld.com\/it\/producto\/grande-orecchio-xl\/"]}]},{"@type":"ImageObject","inLanguage":"it-IT","@id":"https:\/\/pixoworld.com\/it\/producto\/grande-orecchio-xl\/#primaryimage","url":"https:\/\/pixoworld.com\/wp-content\/uploads\/2023\/10\/stitch-xl2_4.png","contentUrl":"https:\/\/pixoworld.com\/wp-content\/uploads\/2023\/10\/stitch-xl2_4.png","width":1080,"height":1080},{"@type":"WebSite","@id":"https:\/\/pixoworld.com\/it\/#website","url":"https:\/\/pixoworld.com\/it\/","name":"Pixo","description":"Juntos, somos Pixo","publisher":{"@id":"https:\/\/pixoworld.com\/it\/#organization"},"potentialAction":[{"@type":"SearchAction","target":{"@type":"EntryPoint","urlTemplate":"https:\/\/pixoworld.com\/it\/?s={search_term_string}"},"query-input":{"@type":"PropertyValueSpecification","valueRequired":true,"valueName":"search_term_string"}}],"inLanguage":"it-IT"},{"@type":"Organization","@id":"https:\/\/pixoworld.com\/it\/#organization","name":"Pixoworld","alternateName":"PIXO","url":"https:\/\/pixoworld.com\/it\/","logo":{"@type":"ImageObject","inLanguage":"it-IT","@id":"https:\/\/pixoworld.com\/it\/#\/schema\/logo\/image\/","url":"https:\/\/pixoworld.com\/wp-content\/uploads\/2021\/11\/pixo-logotipo.png","contentUrl":"https:\/\/pixoworld.com\/wp-content\/uploads\/2021\/11\/pixo-logotipo.png","width":200,"height":106,"caption":"Pixoworld"},"image":{"@id":"https:\/\/pixoworld.com\/it\/#\/schema\/logo\/image\/"},"sameAs":["http:\/\/www.facebook.com\/pixoworld","https:\/\/x.com\/pixoworld","https:\/\/www.instagram.com\/pixoworld\/"]}]}},"_links":{"self":[{"href":"https:\/\/pixoworld.com\/it\/wp-json\/wp\/v2\/product\/14656","targetHints":{"allow":["GET"]}}],"collection":[{"href":"https:\/\/pixoworld.com\/it\/wp-json\/wp\/v2\/product"}],"about":[{"href":"https:\/\/pixoworld.com\/it\/wp-json\/wp\/v2\/types\/product"}],"wp:featuredmedia":[{"embeddable":true,"href":"https:\/\/pixoworld.com\/it\/wp-json\/wp\/v2\/media\/14686"}],"wp:attachment":[{"href":"https:\/\/pixoworld.com\/it\/wp-json\/wp\/v2\/media?parent=14656"}],"wp:term":[{"taxonomy":"product_brand","embeddable":true,"href":"https:\/\/pixoworld.com\/it\/wp-json\/wp\/v2\/product_brand?post=14656"},{"taxonomy":"product_cat","embeddable":true,"href":"https:\/\/pixoworld.com\/it\/wp-json\/wp\/v2\/product_cat?post=14656"},{"taxonomy":"product_tag","embeddable":true,"href":"https:\/\/pixoworld.com\/it\/wp-json\/wp\/v2\/product_tag?post=14656"}],"curies":[{"name":"wp","href":"https:\/\/api.w.org\/{rel}","templated":true}]}}