{"id":13806,"date":"2023-06-13T11:36:22","date_gmt":"2023-04-11T09:36:23","guid":{"rendered":"https:\/\/pixoworld.com\/?post_type=product&#038;p=13806"},"modified":"2023-04-12T08:39:42","modified_gmt":"2023-04-12T06:39:42","slug":"el-mariano","status":"publish","type":"product","link":"https:\/\/pixoworld.com\/it\/producto\/el-mariano\/","title":{"rendered":"El Mariano"},"content":{"rendered":"<p>Pixo \u00e8 sia un giocattolo per bambini che un hobby per adulti, con pi\u00f9 di 150 modelli dedicati a personaggi di film, serie, animazione, videogiochi, musica \u2026 I mini-blocchi sono simili ai pezzi nei set di blocchi pi\u00f9 popolari ma di dimensioni inferiori. Realizzati in plastica ABS di alta qualit\u00e0, hanno una vestibilit\u00e0 perfetta e una finitura eccellente. Questo modello \u00e8 composto da un Kit di mini blocchi da costruzione con cui assemblare un puzzle tridimensionale, per dare forma alla figura miniaturizzata del tuo personaggio preferito. Include foglio di istruzioni. Promuove una migliore creativit\u00e0, capacit\u00e0 psicomotorie e visione spaziale.<\/p>\n<p><img decoding=\"async\" class=\"alignnone wp-image-3532 size-full iconos-producto\" src=\"https:\/\/pixoworld.com\/wp-content\/uploads\/2020\/11\/iconos-producto.png\" alt=\"\" width=\"307\" height=\"60\" \/><\/p>\n","protected":false},"excerpt":{"rendered":"<p>Fervente cultore della dottrina mariana, va per la galassia insegnando a mangiare hamburger senza togliersi il casco. \u00c8 sempre accompagnato da un insetto verde a cui si chiama affettuosamente il Pastore.<\/p>\n","protected":false},"featured_media":13821,"template":"","meta":[],"product_brand":[],"product_cat":[416],"product_tag":[434,454,481,1031,520,533,624,700,1135,1406,1175,884,935,1243,1262,1015],"class_list":{"0":"post-13806","1":"product","2":"type-product","3":"status-publish","4":"has-post-thumbnail","6":"product_cat-eroi","7":"product_tag-baby-yoda-it","8":"product_tag-bb8-it","9":"product_tag-boba-fett-it","10":"product_tag-c3p8-it","11":"product_tag-chewbacca-it","12":"product_tag-darth-vader-it","13":"product_tag-han-solo-it","14":"product_tag-leia-it","15":"product_tag-luke-skywalker-it","16":"product_tag-mandalorian-it","17":"product_tag-obi-wan-kenobi-it","18":"product_tag-r2d2-it","19":"product_tag-star-wars-it","20":"product_tag-stormtrooper-it","21":"product_tag-trooper-it","22":"product_tag-yoda-it","24":"first","25":"instock","26":"taxable","27":"shipping-taxable","28":"purchasable","29":"product-type-simple"},"yoast_head":"<!-- This site is optimized with the Yoast SEO plugin v26.1.1 - https:\/\/yoast.com\/wordpress\/plugins\/seo\/ -->\n<title>El Mariano - Pixo<\/title>\n<meta name=\"robots\" content=\"index, follow, max-snippet:-1, max-image-preview:large, max-video-preview:-1\" \/>\n<link rel=\"canonical\" href=\"https:\/\/pixoworld.com\/it\/producto\/el-mariano\/\" \/>\n<meta property=\"og:locale\" content=\"it_IT\" \/>\n<meta property=\"og:type\" content=\"article\" \/>\n<meta property=\"og:title\" content=\"El Mariano - Pixo\" \/>\n<meta property=\"og:description\" content=\"Fervente cultore della dottrina mariana, va per la galassia insegnando a mangiare hamburger senza togliersi il casco. \u00c8 sempre accompagnato da un insetto verde a cui si chiama affettuosamente il Pastore.\" \/>\n<meta property=\"og:url\" content=\"https:\/\/pixoworld.com\/it\/producto\/el-mariano\/\" \/>\n<meta property=\"og:site_name\" content=\"Pixo\" \/>\n<meta property=\"article:publisher\" content=\"http:\/\/www.facebook.com\/pixoworld\" \/>\n<meta property=\"article:modified_time\" content=\"2023-04-12T06:39:42+00:00\" \/>\n<meta property=\"og:image\" content=\"https:\/\/pixoworld.com\/wp-content\/uploads\/2023\/04\/SW015.jpg\" \/>\n\t<meta property=\"og:image:width\" content=\"1000\" \/>\n\t<meta property=\"og:image:height\" content=\"1000\" \/>\n\t<meta property=\"og:image:type\" content=\"image\/jpeg\" \/>\n<meta name=\"twitter:card\" content=\"summary_large_image\" \/>\n<meta name=\"twitter:site\" content=\"@pixoworld\" \/>\n<script type=\"application\/ld+json\" class=\"yoast-schema-graph\">{\"@context\":\"https:\/\/schema.org\",\"@graph\":[{\"@type\":\"WebPage\",\"@id\":\"https:\/\/pixoworld.com\/it\/producto\/el-mariano\/\",\"url\":\"https:\/\/pixoworld.com\/it\/producto\/el-mariano\/\",\"name\":\"El Mariano - Pixo\",\"isPartOf\":{\"@id\":\"https:\/\/pixoworld.com\/it\/#website\"},\"primaryImageOfPage\":{\"@id\":\"https:\/\/pixoworld.com\/it\/producto\/el-mariano\/#primaryimage\"},\"image\":{\"@id\":\"https:\/\/pixoworld.com\/it\/producto\/el-mariano\/#primaryimage\"},\"thumbnailUrl\":\"https:\/\/pixoworld.com\/wp-content\/uploads\/2023\/04\/SW015.jpg\",\"datePublished\":\"2023-04-11T09:36:23+00:00\",\"dateModified\":\"2023-04-12T06:39:42+00:00\",\"inLanguage\":\"it-IT\",\"potentialAction\":[{\"@type\":\"ReadAction\",\"target\":[\"https:\/\/pixoworld.com\/it\/producto\/el-mariano\/\"]}]},{\"@type\":\"ImageObject\",\"inLanguage\":\"it-IT\",\"@id\":\"https:\/\/pixoworld.com\/it\/producto\/el-mariano\/#primaryimage\",\"url\":\"https:\/\/pixoworld.com\/wp-content\/uploads\/2023\/04\/SW015.jpg\",\"contentUrl\":\"https:\/\/pixoworld.com\/wp-content\/uploads\/2023\/04\/SW015.jpg\",\"width\":1000,\"height\":1000},{\"@type\":\"WebSite\",\"@id\":\"https:\/\/pixoworld.com\/it\/#website\",\"url\":\"https:\/\/pixoworld.com\/it\/\",\"name\":\"Pixo\",\"description\":\"Juntos, somos Pixo\",\"publisher\":{\"@id\":\"https:\/\/pixoworld.com\/it\/#organization\"},\"potentialAction\":[{\"@type\":\"SearchAction\",\"target\":{\"@type\":\"EntryPoint\",\"urlTemplate\":\"https:\/\/pixoworld.com\/it\/?s={search_term_string}\"},\"query-input\":{\"@type\":\"PropertyValueSpecification\",\"valueRequired\":true,\"valueName\":\"search_term_string\"}}],\"inLanguage\":\"it-IT\"},{\"@type\":\"Organization\",\"@id\":\"https:\/\/pixoworld.com\/it\/#organization\",\"name\":\"Pixoworld\",\"alternateName\":\"PIXO\",\"url\":\"https:\/\/pixoworld.com\/it\/\",\"logo\":{\"@type\":\"ImageObject\",\"inLanguage\":\"it-IT\",\"@id\":\"https:\/\/pixoworld.com\/it\/#\/schema\/logo\/image\/\",\"url\":\"https:\/\/pixoworld.com\/wp-content\/uploads\/2021\/11\/pixo-logotipo.png\",\"contentUrl\":\"https:\/\/pixoworld.com\/wp-content\/uploads\/2021\/11\/pixo-logotipo.png\",\"width\":200,\"height\":106,\"caption\":\"Pixoworld\"},\"image\":{\"@id\":\"https:\/\/pixoworld.com\/it\/#\/schema\/logo\/image\/\"},\"sameAs\":[\"http:\/\/www.facebook.com\/pixoworld\",\"https:\/\/x.com\/pixoworld\",\"https:\/\/www.instagram.com\/pixoworld\/\"]}]}<\/script>\n<!-- \/ Yoast SEO plugin. -->","yoast_head_json":{"title":"El Mariano - Pixo","robots":{"index":"index","follow":"follow","max-snippet":"max-snippet:-1","max-image-preview":"max-image-preview:large","max-video-preview":"max-video-preview:-1"},"canonical":"https:\/\/pixoworld.com\/it\/producto\/el-mariano\/","og_locale":"it_IT","og_type":"article","og_title":"El Mariano - Pixo","og_description":"Fervente cultore della dottrina mariana, va per la galassia insegnando a mangiare hamburger senza togliersi il casco. \u00c8 sempre accompagnato da un insetto verde a cui si chiama affettuosamente il Pastore.","og_url":"https:\/\/pixoworld.com\/it\/producto\/el-mariano\/","og_site_name":"Pixo","article_publisher":"http:\/\/www.facebook.com\/pixoworld","article_modified_time":"2023-04-12T06:39:42+00:00","og_image":[{"width":1000,"height":1000,"url":"https:\/\/pixoworld.com\/wp-content\/uploads\/2023\/04\/SW015.jpg","type":"image\/jpeg"}],"twitter_card":"summary_large_image","twitter_site":"@pixoworld","schema":{"@context":"https:\/\/schema.org","@graph":[{"@type":"WebPage","@id":"https:\/\/pixoworld.com\/it\/producto\/el-mariano\/","url":"https:\/\/pixoworld.com\/it\/producto\/el-mariano\/","name":"El Mariano - Pixo","isPartOf":{"@id":"https:\/\/pixoworld.com\/it\/#website"},"primaryImageOfPage":{"@id":"https:\/\/pixoworld.com\/it\/producto\/el-mariano\/#primaryimage"},"image":{"@id":"https:\/\/pixoworld.com\/it\/producto\/el-mariano\/#primaryimage"},"thumbnailUrl":"https:\/\/pixoworld.com\/wp-content\/uploads\/2023\/04\/SW015.jpg","datePublished":"2023-04-11T09:36:23+00:00","dateModified":"2023-04-12T06:39:42+00:00","inLanguage":"it-IT","potentialAction":[{"@type":"ReadAction","target":["https:\/\/pixoworld.com\/it\/producto\/el-mariano\/"]}]},{"@type":"ImageObject","inLanguage":"it-IT","@id":"https:\/\/pixoworld.com\/it\/producto\/el-mariano\/#primaryimage","url":"https:\/\/pixoworld.com\/wp-content\/uploads\/2023\/04\/SW015.jpg","contentUrl":"https:\/\/pixoworld.com\/wp-content\/uploads\/2023\/04\/SW015.jpg","width":1000,"height":1000},{"@type":"WebSite","@id":"https:\/\/pixoworld.com\/it\/#website","url":"https:\/\/pixoworld.com\/it\/","name":"Pixo","description":"Juntos, somos Pixo","publisher":{"@id":"https:\/\/pixoworld.com\/it\/#organization"},"potentialAction":[{"@type":"SearchAction","target":{"@type":"EntryPoint","urlTemplate":"https:\/\/pixoworld.com\/it\/?s={search_term_string}"},"query-input":{"@type":"PropertyValueSpecification","valueRequired":true,"valueName":"search_term_string"}}],"inLanguage":"it-IT"},{"@type":"Organization","@id":"https:\/\/pixoworld.com\/it\/#organization","name":"Pixoworld","alternateName":"PIXO","url":"https:\/\/pixoworld.com\/it\/","logo":{"@type":"ImageObject","inLanguage":"it-IT","@id":"https:\/\/pixoworld.com\/it\/#\/schema\/logo\/image\/","url":"https:\/\/pixoworld.com\/wp-content\/uploads\/2021\/11\/pixo-logotipo.png","contentUrl":"https:\/\/pixoworld.com\/wp-content\/uploads\/2021\/11\/pixo-logotipo.png","width":200,"height":106,"caption":"Pixoworld"},"image":{"@id":"https:\/\/pixoworld.com\/it\/#\/schema\/logo\/image\/"},"sameAs":["http:\/\/www.facebook.com\/pixoworld","https:\/\/x.com\/pixoworld","https:\/\/www.instagram.com\/pixoworld\/"]}]}},"_links":{"self":[{"href":"https:\/\/pixoworld.com\/it\/wp-json\/wp\/v2\/product\/13806","targetHints":{"allow":["GET"]}}],"collection":[{"href":"https:\/\/pixoworld.com\/it\/wp-json\/wp\/v2\/product"}],"about":[{"href":"https:\/\/pixoworld.com\/it\/wp-json\/wp\/v2\/types\/product"}],"wp:featuredmedia":[{"embeddable":true,"href":"https:\/\/pixoworld.com\/it\/wp-json\/wp\/v2\/media\/13821"}],"wp:attachment":[{"href":"https:\/\/pixoworld.com\/it\/wp-json\/wp\/v2\/media?parent=13806"}],"wp:term":[{"taxonomy":"product_brand","embeddable":true,"href":"https:\/\/pixoworld.com\/it\/wp-json\/wp\/v2\/product_brand?post=13806"},{"taxonomy":"product_cat","embeddable":true,"href":"https:\/\/pixoworld.com\/it\/wp-json\/wp\/v2\/product_cat?post=13806"},{"taxonomy":"product_tag","embeddable":true,"href":"https:\/\/pixoworld.com\/it\/wp-json\/wp\/v2\/product_tag?post=13806"}],"curies":[{"name":"wp","href":"https:\/\/api.w.org\/{rel}","templated":true}]}}