{"id":10628,"date":"2016-06-02T12:23:49","date_gmt":"2021-10-28T06:37:32","guid":{"rendered":"https:\/\/pixoworld.com\/producto\/broccoliman\/"},"modified":"2021-10-28T08:37:32","modified_gmt":"2021-10-28T06:37:32","slug":"broccoliman-it","status":"publish","type":"product","link":"https:\/\/pixoworld.com\/it\/producto\/broccoliman-it\/","title":{"rendered":"Broccoliman"},"content":{"rendered":"<p>Pixo \u00e8 sia un giocattolo per bambini che un hobby per adulti, con pi\u00f9 di 150 modelli dedicati a personaggi di film, serie, animazione, videogiochi, musica &#8230;<\/p>\n<p>I mini-blocchi sono simili ai pezzi nei set di blocchi pi\u00f9 popolari ma di dimensioni inferiori. Realizzati in plastica ABS di alta qualit\u00e0, hanno una vestibilit\u00e0 perfetta e una finitura eccellente.<\/p>\n<p>Questo modello \u00e8 composto da un Kit di mini blocchi da costruzione con cui assemblare un puzzle tridimensionale, per dare forma alla figura miniaturizzata del tuo personaggio preferito.<br \/>\nInclude foglio di istruzioni.<\/p>\n<p>Promuove una migliore creativit\u00e0, capacit\u00e0 psicomotorie e visione spaziale.<\/p>\n<p><img decoding=\"async\" class=\"alignnone wp-image-3532 size-full iconos-producto\" src=\"https:\/\/pixoworld.com\/wp-content\/uploads\/2020\/11\/iconos-producto.png\" alt=\"\" width=\"307\" height=\"60\"><\/p>\n","protected":false},"excerpt":{"rendered":"<p>Ha avuto una brutta esperienza in un ristorante cinese, quando ha provato un maiale in agrodolce che non era in buone condizioni. Dopo aver avuto crampi allo stomaco per due settimane, \u00e8 diventato vegano. I suoi cibi preferiti sono i broccoli e gli spinaci con i ceci.  <\/p>\n","protected":false},"featured_media":8428,"template":"","meta":[],"product_brand":[],"product_cat":[416],"product_tag":[431,1300,1363,1045,526,640,644,685,1149,902,955,1344,959,988],"class_list":{"0":"post-10628","1":"product","2":"type-product","3":"status-publish","4":"has-post-thumbnail","6":"product_cat-eroi","7":"product_tag-avengers-it","8":"product_tag-captain-america-it","9":"product_tag-cinema-it","10":"product_tag-comic-it","11":"product_tag-deadpool-it","12":"product_tag-hulk-it","13":"product_tag-ironman-it","14":"product_tag-loki-it","15":"product_tag-marvel-it","16":"product_tag-spiderman-it","17":"product_tag-thanos-it","18":"product_tag-the-avengers-it","19":"product_tag-thor-it","20":"product_tag-venom-it","22":"first","23":"instock","24":"taxable","25":"shipping-taxable","26":"purchasable","27":"product-type-simple"},"yoast_head":"<!-- This site is optimized with the Yoast SEO plugin v26.1.1 - https:\/\/yoast.com\/wordpress\/plugins\/seo\/ -->\n<title>Broccoliman - Pixo<\/title>\n<meta name=\"robots\" content=\"index, follow, max-snippet:-1, max-image-preview:large, max-video-preview:-1\" \/>\n<link rel=\"canonical\" href=\"https:\/\/pixoworld.com\/it\/producto\/broccoliman-it\/\" \/>\n<meta property=\"og:locale\" content=\"it_IT\" \/>\n<meta property=\"og:type\" content=\"article\" \/>\n<meta property=\"og:title\" content=\"Broccoliman - Pixo\" \/>\n<meta property=\"og:description\" content=\"Ha avuto una brutta esperienza in un ristorante cinese, quando ha provato un maiale in agrodolce che non era in buone condizioni. Dopo aver avuto crampi allo stomaco per due settimane, \u00e8 diventato vegano. I suoi cibi preferiti sono i broccoli e gli spinaci con i ceci.\" \/>\n<meta property=\"og:url\" content=\"https:\/\/pixoworld.com\/it\/producto\/broccoliman-it\/\" \/>\n<meta property=\"og:site_name\" content=\"Pixo\" \/>\n<meta property=\"article:publisher\" content=\"http:\/\/www.facebook.com\/pixoworld\" \/>\n<meta property=\"og:image\" content=\"https:\/\/pixoworld.com\/wp-content\/uploads\/2016\/06\/AV005.jpg\" \/>\n\t<meta property=\"og:image:width\" content=\"1000\" \/>\n\t<meta property=\"og:image:height\" content=\"1000\" \/>\n\t<meta property=\"og:image:type\" content=\"image\/jpeg\" \/>\n<meta name=\"twitter:card\" content=\"summary_large_image\" \/>\n<meta name=\"twitter:site\" content=\"@pixoworld\" \/>\n<script type=\"application\/ld+json\" class=\"yoast-schema-graph\">{\"@context\":\"https:\/\/schema.org\",\"@graph\":[{\"@type\":\"WebPage\",\"@id\":\"https:\/\/pixoworld.com\/it\/producto\/broccoliman-it\/\",\"url\":\"https:\/\/pixoworld.com\/it\/producto\/broccoliman-it\/\",\"name\":\"Broccoliman - Pixo\",\"isPartOf\":{\"@id\":\"https:\/\/pixoworld.com\/it\/#website\"},\"primaryImageOfPage\":{\"@id\":\"https:\/\/pixoworld.com\/it\/producto\/broccoliman-it\/#primaryimage\"},\"image\":{\"@id\":\"https:\/\/pixoworld.com\/it\/producto\/broccoliman-it\/#primaryimage\"},\"thumbnailUrl\":\"https:\/\/pixoworld.com\/wp-content\/uploads\/2016\/06\/AV005.jpg\",\"datePublished\":\"2021-10-28T06:37:32+00:00\",\"inLanguage\":\"it-IT\",\"potentialAction\":[{\"@type\":\"ReadAction\",\"target\":[\"https:\/\/pixoworld.com\/it\/producto\/broccoliman-it\/\"]}]},{\"@type\":\"ImageObject\",\"inLanguage\":\"it-IT\",\"@id\":\"https:\/\/pixoworld.com\/it\/producto\/broccoliman-it\/#primaryimage\",\"url\":\"https:\/\/pixoworld.com\/wp-content\/uploads\/2016\/06\/AV005.jpg\",\"contentUrl\":\"https:\/\/pixoworld.com\/wp-content\/uploads\/2016\/06\/AV005.jpg\",\"width\":1000,\"height\":1000},{\"@type\":\"WebSite\",\"@id\":\"https:\/\/pixoworld.com\/it\/#website\",\"url\":\"https:\/\/pixoworld.com\/it\/\",\"name\":\"Pixo\",\"description\":\"Juntos, somos Pixo\",\"publisher\":{\"@id\":\"https:\/\/pixoworld.com\/it\/#organization\"},\"potentialAction\":[{\"@type\":\"SearchAction\",\"target\":{\"@type\":\"EntryPoint\",\"urlTemplate\":\"https:\/\/pixoworld.com\/it\/?s={search_term_string}\"},\"query-input\":{\"@type\":\"PropertyValueSpecification\",\"valueRequired\":true,\"valueName\":\"search_term_string\"}}],\"inLanguage\":\"it-IT\"},{\"@type\":\"Organization\",\"@id\":\"https:\/\/pixoworld.com\/it\/#organization\",\"name\":\"Pixoworld\",\"alternateName\":\"PIXO\",\"url\":\"https:\/\/pixoworld.com\/it\/\",\"logo\":{\"@type\":\"ImageObject\",\"inLanguage\":\"it-IT\",\"@id\":\"https:\/\/pixoworld.com\/it\/#\/schema\/logo\/image\/\",\"url\":\"https:\/\/pixoworld.com\/wp-content\/uploads\/2021\/11\/pixo-logotipo.png\",\"contentUrl\":\"https:\/\/pixoworld.com\/wp-content\/uploads\/2021\/11\/pixo-logotipo.png\",\"width\":200,\"height\":106,\"caption\":\"Pixoworld\"},\"image\":{\"@id\":\"https:\/\/pixoworld.com\/it\/#\/schema\/logo\/image\/\"},\"sameAs\":[\"http:\/\/www.facebook.com\/pixoworld\",\"https:\/\/x.com\/pixoworld\",\"https:\/\/www.instagram.com\/pixoworld\/\"]}]}<\/script>\n<!-- \/ Yoast SEO plugin. -->","yoast_head_json":{"title":"Broccoliman - Pixo","robots":{"index":"index","follow":"follow","max-snippet":"max-snippet:-1","max-image-preview":"max-image-preview:large","max-video-preview":"max-video-preview:-1"},"canonical":"https:\/\/pixoworld.com\/it\/producto\/broccoliman-it\/","og_locale":"it_IT","og_type":"article","og_title":"Broccoliman - Pixo","og_description":"Ha avuto una brutta esperienza in un ristorante cinese, quando ha provato un maiale in agrodolce che non era in buone condizioni. Dopo aver avuto crampi allo stomaco per due settimane, \u00e8 diventato vegano. I suoi cibi preferiti sono i broccoli e gli spinaci con i ceci.","og_url":"https:\/\/pixoworld.com\/it\/producto\/broccoliman-it\/","og_site_name":"Pixo","article_publisher":"http:\/\/www.facebook.com\/pixoworld","og_image":[{"width":1000,"height":1000,"url":"https:\/\/pixoworld.com\/wp-content\/uploads\/2016\/06\/AV005.jpg","type":"image\/jpeg"}],"twitter_card":"summary_large_image","twitter_site":"@pixoworld","schema":{"@context":"https:\/\/schema.org","@graph":[{"@type":"WebPage","@id":"https:\/\/pixoworld.com\/it\/producto\/broccoliman-it\/","url":"https:\/\/pixoworld.com\/it\/producto\/broccoliman-it\/","name":"Broccoliman - Pixo","isPartOf":{"@id":"https:\/\/pixoworld.com\/it\/#website"},"primaryImageOfPage":{"@id":"https:\/\/pixoworld.com\/it\/producto\/broccoliman-it\/#primaryimage"},"image":{"@id":"https:\/\/pixoworld.com\/it\/producto\/broccoliman-it\/#primaryimage"},"thumbnailUrl":"https:\/\/pixoworld.com\/wp-content\/uploads\/2016\/06\/AV005.jpg","datePublished":"2021-10-28T06:37:32+00:00","inLanguage":"it-IT","potentialAction":[{"@type":"ReadAction","target":["https:\/\/pixoworld.com\/it\/producto\/broccoliman-it\/"]}]},{"@type":"ImageObject","inLanguage":"it-IT","@id":"https:\/\/pixoworld.com\/it\/producto\/broccoliman-it\/#primaryimage","url":"https:\/\/pixoworld.com\/wp-content\/uploads\/2016\/06\/AV005.jpg","contentUrl":"https:\/\/pixoworld.com\/wp-content\/uploads\/2016\/06\/AV005.jpg","width":1000,"height":1000},{"@type":"WebSite","@id":"https:\/\/pixoworld.com\/it\/#website","url":"https:\/\/pixoworld.com\/it\/","name":"Pixo","description":"Juntos, somos Pixo","publisher":{"@id":"https:\/\/pixoworld.com\/it\/#organization"},"potentialAction":[{"@type":"SearchAction","target":{"@type":"EntryPoint","urlTemplate":"https:\/\/pixoworld.com\/it\/?s={search_term_string}"},"query-input":{"@type":"PropertyValueSpecification","valueRequired":true,"valueName":"search_term_string"}}],"inLanguage":"it-IT"},{"@type":"Organization","@id":"https:\/\/pixoworld.com\/it\/#organization","name":"Pixoworld","alternateName":"PIXO","url":"https:\/\/pixoworld.com\/it\/","logo":{"@type":"ImageObject","inLanguage":"it-IT","@id":"https:\/\/pixoworld.com\/it\/#\/schema\/logo\/image\/","url":"https:\/\/pixoworld.com\/wp-content\/uploads\/2021\/11\/pixo-logotipo.png","contentUrl":"https:\/\/pixoworld.com\/wp-content\/uploads\/2021\/11\/pixo-logotipo.png","width":200,"height":106,"caption":"Pixoworld"},"image":{"@id":"https:\/\/pixoworld.com\/it\/#\/schema\/logo\/image\/"},"sameAs":["http:\/\/www.facebook.com\/pixoworld","https:\/\/x.com\/pixoworld","https:\/\/www.instagram.com\/pixoworld\/"]}]}},"_links":{"self":[{"href":"https:\/\/pixoworld.com\/it\/wp-json\/wp\/v2\/product\/10628","targetHints":{"allow":["GET"]}}],"collection":[{"href":"https:\/\/pixoworld.com\/it\/wp-json\/wp\/v2\/product"}],"about":[{"href":"https:\/\/pixoworld.com\/it\/wp-json\/wp\/v2\/types\/product"}],"wp:featuredmedia":[{"embeddable":true,"href":"https:\/\/pixoworld.com\/it\/wp-json\/wp\/v2\/media\/8428"}],"wp:attachment":[{"href":"https:\/\/pixoworld.com\/it\/wp-json\/wp\/v2\/media?parent=10628"}],"wp:term":[{"taxonomy":"product_brand","embeddable":true,"href":"https:\/\/pixoworld.com\/it\/wp-json\/wp\/v2\/product_brand?post=10628"},{"taxonomy":"product_cat","embeddable":true,"href":"https:\/\/pixoworld.com\/it\/wp-json\/wp\/v2\/product_cat?post=10628"},{"taxonomy":"product_tag","embeddable":true,"href":"https:\/\/pixoworld.com\/it\/wp-json\/wp\/v2\/product_tag?post=10628"}],"curies":[{"name":"wp","href":"https:\/\/api.w.org\/{rel}","templated":true}]}}