{"id":9710,"date":"2016-09-22T04:32:08","date_gmt":"2021-10-20T07:00:22","guid":{"rendered":"https:\/\/pixoworld.com\/producto\/chien-errant\/"},"modified":"2021-10-20T09:00:22","modified_gmt":"2021-10-20T07:00:22","slug":"chien-errant","status":"publish","type":"product","link":"https:\/\/pixoworld.com\/fr\/producto\/chien-errant\/","title":{"rendered":"Chien Errant"},"content":{"rendered":"<p>Pixo est \u00e0 la fois un jouet pour les enfants et un passe-temps pour les adultes, avec plus de 150 mod\u00e8les d\u00e9di\u00e9s aux personnages de films, s\u00e9ries, animations, jeux vid\u00e9o, musique &#8230;<\/p>\n<p>Les mini-blocs sont similaires aux pi\u00e8ces des ensembles de blocs les plus populaires mais de plus petite taille. Construits en plastique ABS de qualit\u00e9 sup\u00e9rieure, ils ont un ajustement parfait et une excellente finition.<\/p>\n<p>Ce mod\u00e8le se compose d&#8217;un Kit de mini blocs de construction avec lesquels vous pouvez assembler un puzzle 3D pour fa\u00e7onner la figurine miniaturis\u00e9e de votre personnage pr\u00e9f\u00e9r\u00e9.<br \/>\nComprend une feuille d&#8217;instructions.<\/p>\n<p>Favorise une meilleure cr\u00e9ativit\u00e9, des comp\u00e9tences psychomotrices et une vision spatiale.<\/p>\n<p><img decoding=\"async\" class=\"alignnone wp-image-3532 size-full iconos-producto\" src=\"https:\/\/pixoworld.com\/wp-content\/uploads\/2020\/11\/iconos-producto.png\" alt=\"\" width=\"307\" height=\"60\"><\/p>\n","protected":false},"excerpt":{"rendered":"<p>Il a la m\u00eame couleur que le chien de l&#8217;inspecteur de gadgets. Chien Errant a eu la chance d&#8217;\u00eatre r\u00e9cup\u00e9r\u00e9 par Adolescent. Il ne manque jamais de nourriture \u00e0 verser dans sa bouche et il sait comment faire des flips, des high-five, se mettre sur deux jambes et renvoyer la balle. <\/p>\n","protected":false},"featured_media":25326,"template":"","meta":[],"product_brand":[],"product_cat":[398],"product_tag":[1330,459,480,587,647],"class_list":{"0":"post-9710","1":"product","2":"type-product","3":"status-publish","4":"has-post-thumbnail","6":"product_cat-creatures-fr","7":"product_tag-adventure-time-fr","8":"product_tag-beemo-fr","9":"product_tag-bmo-fr","10":"product_tag-finn-fr","11":"product_tag-jake-fr","13":"first","14":"instock","15":"taxable","16":"shipping-taxable","17":"purchasable","18":"product-type-simple"},"yoast_head":"<!-- This site is optimized with the Yoast SEO plugin v26.1.1 - https:\/\/yoast.com\/wordpress\/plugins\/seo\/ -->\n<title>Chien Errant - Pixo<\/title>\n<meta name=\"robots\" content=\"index, follow, max-snippet:-1, max-image-preview:large, max-video-preview:-1\" \/>\n<link rel=\"canonical\" href=\"https:\/\/pixoworld.com\/fr\/producto\/chien-errant\/\" \/>\n<meta property=\"og:locale\" content=\"fr_FR\" \/>\n<meta property=\"og:type\" content=\"article\" \/>\n<meta property=\"og:title\" content=\"Chien Errant - Pixo\" \/>\n<meta property=\"og:description\" content=\"Il a la m\u00eame couleur que le chien de l&#039;inspecteur de gadgets. Chien Errant a eu la chance d&#039;\u00eatre r\u00e9cup\u00e9r\u00e9 par Adolescent. Il ne manque jamais de nourriture \u00e0 verser dans sa bouche et il sait comment faire des flips, des high-five, se mettre sur deux jambes et renvoyer la balle.\" \/>\n<meta property=\"og:url\" content=\"https:\/\/pixoworld.com\/fr\/producto\/chien-errant\/\" \/>\n<meta property=\"og:site_name\" content=\"Pixo\" \/>\n<meta property=\"article:publisher\" content=\"http:\/\/www.facebook.com\/pixoworld\" \/>\n<meta property=\"og:image\" content=\"https:\/\/pixoworld.com\/wp-content\/uploads\/2016\/09\/HA002_3.png\" \/>\n\t<meta property=\"og:image:width\" content=\"1080\" \/>\n\t<meta property=\"og:image:height\" content=\"1080\" \/>\n\t<meta property=\"og:image:type\" content=\"image\/png\" \/>\n<meta name=\"twitter:card\" content=\"summary_large_image\" \/>\n<meta name=\"twitter:site\" content=\"@pixoworld\" \/>\n<meta name=\"twitter:label1\" content=\"Dur\u00e9e de lecture estim\u00e9e\" \/>\n\t<meta name=\"twitter:data1\" content=\"1 minute\" \/>\n<script type=\"application\/ld+json\" class=\"yoast-schema-graph\">{\"@context\":\"https:\/\/schema.org\",\"@graph\":[{\"@type\":\"WebPage\",\"@id\":\"https:\/\/pixoworld.com\/fr\/producto\/chien-errant\/\",\"url\":\"https:\/\/pixoworld.com\/fr\/producto\/chien-errant\/\",\"name\":\"Chien Errant - Pixo\",\"isPartOf\":{\"@id\":\"https:\/\/pixoworld.com\/fr\/#website\"},\"primaryImageOfPage\":{\"@id\":\"https:\/\/pixoworld.com\/fr\/producto\/chien-errant\/#primaryimage\"},\"image\":{\"@id\":\"https:\/\/pixoworld.com\/fr\/producto\/chien-errant\/#primaryimage\"},\"thumbnailUrl\":\"https:\/\/pixoworld.com\/wp-content\/uploads\/2016\/09\/HA002_3.png\",\"datePublished\":\"2021-10-20T07:00:22+00:00\",\"inLanguage\":\"fr-FR\",\"potentialAction\":[{\"@type\":\"ReadAction\",\"target\":[\"https:\/\/pixoworld.com\/fr\/producto\/chien-errant\/\"]}]},{\"@type\":\"ImageObject\",\"inLanguage\":\"fr-FR\",\"@id\":\"https:\/\/pixoworld.com\/fr\/producto\/chien-errant\/#primaryimage\",\"url\":\"https:\/\/pixoworld.com\/wp-content\/uploads\/2016\/09\/HA002_3.png\",\"contentUrl\":\"https:\/\/pixoworld.com\/wp-content\/uploads\/2016\/09\/HA002_3.png\",\"width\":1080,\"height\":1080},{\"@type\":\"WebSite\",\"@id\":\"https:\/\/pixoworld.com\/fr\/#website\",\"url\":\"https:\/\/pixoworld.com\/fr\/\",\"name\":\"Pixo\",\"description\":\"Juntos, somos Pixo\",\"publisher\":{\"@id\":\"https:\/\/pixoworld.com\/fr\/#organization\"},\"potentialAction\":[{\"@type\":\"SearchAction\",\"target\":{\"@type\":\"EntryPoint\",\"urlTemplate\":\"https:\/\/pixoworld.com\/fr\/?s={search_term_string}\"},\"query-input\":{\"@type\":\"PropertyValueSpecification\",\"valueRequired\":true,\"valueName\":\"search_term_string\"}}],\"inLanguage\":\"fr-FR\"},{\"@type\":\"Organization\",\"@id\":\"https:\/\/pixoworld.com\/fr\/#organization\",\"name\":\"Pixoworld\",\"alternateName\":\"PIXO\",\"url\":\"https:\/\/pixoworld.com\/fr\/\",\"logo\":{\"@type\":\"ImageObject\",\"inLanguage\":\"fr-FR\",\"@id\":\"https:\/\/pixoworld.com\/fr\/#\/schema\/logo\/image\/\",\"url\":\"https:\/\/pixoworld.com\/wp-content\/uploads\/2021\/11\/pixo-logotipo.png\",\"contentUrl\":\"https:\/\/pixoworld.com\/wp-content\/uploads\/2021\/11\/pixo-logotipo.png\",\"width\":200,\"height\":106,\"caption\":\"Pixoworld\"},\"image\":{\"@id\":\"https:\/\/pixoworld.com\/fr\/#\/schema\/logo\/image\/\"},\"sameAs\":[\"http:\/\/www.facebook.com\/pixoworld\",\"https:\/\/x.com\/pixoworld\",\"https:\/\/www.instagram.com\/pixoworld\/\"]}]}<\/script>\n<!-- \/ Yoast SEO plugin. -->","yoast_head_json":{"title":"Chien Errant - Pixo","robots":{"index":"index","follow":"follow","max-snippet":"max-snippet:-1","max-image-preview":"max-image-preview:large","max-video-preview":"max-video-preview:-1"},"canonical":"https:\/\/pixoworld.com\/fr\/producto\/chien-errant\/","og_locale":"fr_FR","og_type":"article","og_title":"Chien Errant - Pixo","og_description":"Il a la m\u00eame couleur que le chien de l'inspecteur de gadgets. Chien Errant a eu la chance d'\u00eatre r\u00e9cup\u00e9r\u00e9 par Adolescent. Il ne manque jamais de nourriture \u00e0 verser dans sa bouche et il sait comment faire des flips, des high-five, se mettre sur deux jambes et renvoyer la balle.","og_url":"https:\/\/pixoworld.com\/fr\/producto\/chien-errant\/","og_site_name":"Pixo","article_publisher":"http:\/\/www.facebook.com\/pixoworld","og_image":[{"width":1080,"height":1080,"url":"https:\/\/pixoworld.com\/wp-content\/uploads\/2016\/09\/HA002_3.png","type":"image\/png"}],"twitter_card":"summary_large_image","twitter_site":"@pixoworld","twitter_misc":{"Dur\u00e9e de lecture estim\u00e9e":"1 minute"},"schema":{"@context":"https:\/\/schema.org","@graph":[{"@type":"WebPage","@id":"https:\/\/pixoworld.com\/fr\/producto\/chien-errant\/","url":"https:\/\/pixoworld.com\/fr\/producto\/chien-errant\/","name":"Chien Errant - Pixo","isPartOf":{"@id":"https:\/\/pixoworld.com\/fr\/#website"},"primaryImageOfPage":{"@id":"https:\/\/pixoworld.com\/fr\/producto\/chien-errant\/#primaryimage"},"image":{"@id":"https:\/\/pixoworld.com\/fr\/producto\/chien-errant\/#primaryimage"},"thumbnailUrl":"https:\/\/pixoworld.com\/wp-content\/uploads\/2016\/09\/HA002_3.png","datePublished":"2021-10-20T07:00:22+00:00","inLanguage":"fr-FR","potentialAction":[{"@type":"ReadAction","target":["https:\/\/pixoworld.com\/fr\/producto\/chien-errant\/"]}]},{"@type":"ImageObject","inLanguage":"fr-FR","@id":"https:\/\/pixoworld.com\/fr\/producto\/chien-errant\/#primaryimage","url":"https:\/\/pixoworld.com\/wp-content\/uploads\/2016\/09\/HA002_3.png","contentUrl":"https:\/\/pixoworld.com\/wp-content\/uploads\/2016\/09\/HA002_3.png","width":1080,"height":1080},{"@type":"WebSite","@id":"https:\/\/pixoworld.com\/fr\/#website","url":"https:\/\/pixoworld.com\/fr\/","name":"Pixo","description":"Juntos, somos Pixo","publisher":{"@id":"https:\/\/pixoworld.com\/fr\/#organization"},"potentialAction":[{"@type":"SearchAction","target":{"@type":"EntryPoint","urlTemplate":"https:\/\/pixoworld.com\/fr\/?s={search_term_string}"},"query-input":{"@type":"PropertyValueSpecification","valueRequired":true,"valueName":"search_term_string"}}],"inLanguage":"fr-FR"},{"@type":"Organization","@id":"https:\/\/pixoworld.com\/fr\/#organization","name":"Pixoworld","alternateName":"PIXO","url":"https:\/\/pixoworld.com\/fr\/","logo":{"@type":"ImageObject","inLanguage":"fr-FR","@id":"https:\/\/pixoworld.com\/fr\/#\/schema\/logo\/image\/","url":"https:\/\/pixoworld.com\/wp-content\/uploads\/2021\/11\/pixo-logotipo.png","contentUrl":"https:\/\/pixoworld.com\/wp-content\/uploads\/2021\/11\/pixo-logotipo.png","width":200,"height":106,"caption":"Pixoworld"},"image":{"@id":"https:\/\/pixoworld.com\/fr\/#\/schema\/logo\/image\/"},"sameAs":["http:\/\/www.facebook.com\/pixoworld","https:\/\/x.com\/pixoworld","https:\/\/www.instagram.com\/pixoworld\/"]}]}},"_links":{"self":[{"href":"https:\/\/pixoworld.com\/fr\/wp-json\/wp\/v2\/product\/9710","targetHints":{"allow":["GET"]}}],"collection":[{"href":"https:\/\/pixoworld.com\/fr\/wp-json\/wp\/v2\/product"}],"about":[{"href":"https:\/\/pixoworld.com\/fr\/wp-json\/wp\/v2\/types\/product"}],"wp:featuredmedia":[{"embeddable":true,"href":"https:\/\/pixoworld.com\/fr\/wp-json\/wp\/v2\/media\/25326"}],"wp:attachment":[{"href":"https:\/\/pixoworld.com\/fr\/wp-json\/wp\/v2\/media?parent=9710"}],"wp:term":[{"taxonomy":"product_brand","embeddable":true,"href":"https:\/\/pixoworld.com\/fr\/wp-json\/wp\/v2\/product_brand?post=9710"},{"taxonomy":"product_cat","embeddable":true,"href":"https:\/\/pixoworld.com\/fr\/wp-json\/wp\/v2\/product_cat?post=9710"},{"taxonomy":"product_tag","embeddable":true,"href":"https:\/\/pixoworld.com\/fr\/wp-json\/wp\/v2\/product_tag?post=9710"}],"curies":[{"name":"wp","href":"https:\/\/api.w.org\/{rel}","templated":true}]}}