{"id":30731,"date":"2025-10-27T10:57:35","date_gmt":"2025-10-27T09:57:35","guid":{"rendered":"https:\/\/pixoworld.com\/?post_type=product&#038;p=30731"},"modified":"2025-10-27T12:54:36","modified_gmt":"2025-10-27T11:54:36","slug":"carasusto-copia","status":"publish","type":"product","link":"https:\/\/pixoworld.com\/fr\/producto\/carasusto-copia\/","title":{"rendered":"La Chari"},"content":{"rendered":"<p>Pixo est \u00e0 la fois un jouet pour enfants et un passe-temps pour adultes, avec plus de 150 mod\u00e8les consacr\u00e9s \u00e0 des personnages de films, s\u00e9ries, dessins anim\u00e9s, jeux vid\u00e9o, musique&#8230;<\/p>\n<p>Les mini-blocs sont similaires aux pi\u00e8ces des ensembles de blocs les plus populaires mais de plus petite taille. Construits en plastique ABS de qualit\u00e9 sup\u00e9rieure, ils ont un ajustement parfait et une excellente finition.<\/p>\n<p>Ce mod\u00e8le comprend un kit de mini-blocs de construction avec lequel vous pourrez assembler un puzzle en trois dimensions afin de donner forme \u00e0 la figurine miniature de votre personnage pr\u00e9f\u00e9r\u00e9.<br \/>\nIl comprend des instructions num\u00e9riques.<\/p>\n<p>Favorise une meilleure cr\u00e9ativit\u00e9, des comp\u00e9tences psychomotrices et une vision spatiale.<\/p>\n<p><img decoding=\"async\" class=\"alignnone wp-image-3532 size-full iconos-producto\" src=\"https:\/\/pixoworld.com\/wp-content\/uploads\/2020\/11\/iconos-producto.png\" alt=\"\" width=\"307\" height=\"60\" \/><\/p>\n","protected":false},"excerpt":{"rendered":"<p class=\"ai-optimize-30\">Poup\u00e9e avec plus de points de suture qu\u2019un ballon de rugby. Amoureuse d\u2019un jeune maigre, Chari passe ses journ\u00e9es \u00e0 fuir comme si la vie \u00e9tait une pi\u00e8ce de th\u00e9\u00e2tre alternatif. Elle empoisonne des soupes, coud des drames et regarde par la fen\u00eatre comme si elle \u00e9tait l\u2019h\u00e9ro\u00efne d\u2019un clip m\u00e9lancolique.<\/p>\n","protected":false},"featured_media":30740,"template":"","meta":[],"product_brand":[],"product_cat":[398],"product_tag":[1652],"class_list":{"0":"post-30731","1":"product","2":"type-product","3":"status-publish","4":"has-post-thumbnail","6":"product_cat-creatures-fr","7":"product_tag-pesadilla-antes-de-navidad-fr","9":"first","10":"instock","11":"taxable","12":"shipping-taxable","13":"purchasable","14":"product-type-simple"},"yoast_head":"<!-- This site is optimized with the Yoast SEO plugin v26.1.1 - https:\/\/yoast.com\/wordpress\/plugins\/seo\/ -->\n<title>La Chari - Pixo<\/title>\n<meta name=\"robots\" content=\"index, follow, max-snippet:-1, max-image-preview:large, max-video-preview:-1\" \/>\n<link rel=\"canonical\" href=\"https:\/\/pixoworld.com\/fr\/producto\/carasusto-copia\/\" \/>\n<meta property=\"og:locale\" content=\"fr_FR\" \/>\n<meta property=\"og:type\" content=\"article\" \/>\n<meta property=\"og:title\" content=\"La Chari - Pixo\" \/>\n<meta property=\"og:description\" content=\"Poup\u00e9e avec plus de points de suture qu\u2019un ballon de rugby. Amoureuse d\u2019un jeune maigre, Chari passe ses journ\u00e9es \u00e0 fuir comme si la vie \u00e9tait une pi\u00e8ce de th\u00e9\u00e2tre alternatif. Elle empoisonne des soupes, coud des drames et regarde par la fen\u00eatre comme si elle \u00e9tait l\u2019h\u00e9ro\u00efne d\u2019un clip m\u00e9lancolique.\" \/>\n<meta property=\"og:url\" content=\"https:\/\/pixoworld.com\/fr\/producto\/carasusto-copia\/\" \/>\n<meta property=\"og:site_name\" content=\"Pixo\" \/>\n<meta property=\"article:publisher\" content=\"http:\/\/www.facebook.com\/pixoworld\" \/>\n<meta property=\"article:modified_time\" content=\"2025-10-27T11:54:36+00:00\" \/>\n<meta property=\"og:image\" content=\"https:\/\/pixoworld.com\/wp-content\/uploads\/2025\/10\/PN003_3.png\" \/>\n\t<meta property=\"og:image:width\" content=\"1000\" \/>\n\t<meta property=\"og:image:height\" content=\"1000\" \/>\n\t<meta property=\"og:image:type\" content=\"image\/png\" \/>\n<meta name=\"twitter:card\" content=\"summary_large_image\" \/>\n<meta name=\"twitter:site\" content=\"@pixoworld\" \/>\n<meta name=\"twitter:label1\" content=\"Dur\u00e9e de lecture estim\u00e9e\" \/>\n\t<meta name=\"twitter:data1\" content=\"1 minute\" \/>\n<script type=\"application\/ld+json\" class=\"yoast-schema-graph\">{\"@context\":\"https:\/\/schema.org\",\"@graph\":[{\"@type\":\"WebPage\",\"@id\":\"https:\/\/pixoworld.com\/fr\/producto\/carasusto-copia\/\",\"url\":\"https:\/\/pixoworld.com\/fr\/producto\/carasusto-copia\/\",\"name\":\"La Chari - Pixo\",\"isPartOf\":{\"@id\":\"https:\/\/pixoworld.com\/fr\/#website\"},\"primaryImageOfPage\":{\"@id\":\"https:\/\/pixoworld.com\/fr\/producto\/carasusto-copia\/#primaryimage\"},\"image\":{\"@id\":\"https:\/\/pixoworld.com\/fr\/producto\/carasusto-copia\/#primaryimage\"},\"thumbnailUrl\":\"https:\/\/pixoworld.com\/wp-content\/uploads\/2025\/10\/PN003_3.png\",\"datePublished\":\"2025-10-27T09:57:35+00:00\",\"dateModified\":\"2025-10-27T11:54:36+00:00\",\"inLanguage\":\"fr-FR\",\"potentialAction\":[{\"@type\":\"ReadAction\",\"target\":[\"https:\/\/pixoworld.com\/fr\/producto\/carasusto-copia\/\"]}]},{\"@type\":\"ImageObject\",\"inLanguage\":\"fr-FR\",\"@id\":\"https:\/\/pixoworld.com\/fr\/producto\/carasusto-copia\/#primaryimage\",\"url\":\"https:\/\/pixoworld.com\/wp-content\/uploads\/2025\/10\/PN003_3.png\",\"contentUrl\":\"https:\/\/pixoworld.com\/wp-content\/uploads\/2025\/10\/PN003_3.png\",\"width\":1000,\"height\":1000},{\"@type\":\"WebSite\",\"@id\":\"https:\/\/pixoworld.com\/fr\/#website\",\"url\":\"https:\/\/pixoworld.com\/fr\/\",\"name\":\"Pixo\",\"description\":\"Juntos, somos Pixo\",\"publisher\":{\"@id\":\"https:\/\/pixoworld.com\/fr\/#organization\"},\"potentialAction\":[{\"@type\":\"SearchAction\",\"target\":{\"@type\":\"EntryPoint\",\"urlTemplate\":\"https:\/\/pixoworld.com\/fr\/?s={search_term_string}\"},\"query-input\":{\"@type\":\"PropertyValueSpecification\",\"valueRequired\":true,\"valueName\":\"search_term_string\"}}],\"inLanguage\":\"fr-FR\"},{\"@type\":\"Organization\",\"@id\":\"https:\/\/pixoworld.com\/fr\/#organization\",\"name\":\"Pixoworld\",\"alternateName\":\"PIXO\",\"url\":\"https:\/\/pixoworld.com\/fr\/\",\"logo\":{\"@type\":\"ImageObject\",\"inLanguage\":\"fr-FR\",\"@id\":\"https:\/\/pixoworld.com\/fr\/#\/schema\/logo\/image\/\",\"url\":\"https:\/\/pixoworld.com\/wp-content\/uploads\/2021\/11\/pixo-logotipo.png\",\"contentUrl\":\"https:\/\/pixoworld.com\/wp-content\/uploads\/2021\/11\/pixo-logotipo.png\",\"width\":200,\"height\":106,\"caption\":\"Pixoworld\"},\"image\":{\"@id\":\"https:\/\/pixoworld.com\/fr\/#\/schema\/logo\/image\/\"},\"sameAs\":[\"http:\/\/www.facebook.com\/pixoworld\",\"https:\/\/x.com\/pixoworld\",\"https:\/\/www.instagram.com\/pixoworld\/\"]}]}<\/script>\n<!-- \/ Yoast SEO plugin. -->","yoast_head_json":{"title":"La Chari - Pixo","robots":{"index":"index","follow":"follow","max-snippet":"max-snippet:-1","max-image-preview":"max-image-preview:large","max-video-preview":"max-video-preview:-1"},"canonical":"https:\/\/pixoworld.com\/fr\/producto\/carasusto-copia\/","og_locale":"fr_FR","og_type":"article","og_title":"La Chari - Pixo","og_description":"Poup\u00e9e avec plus de points de suture qu\u2019un ballon de rugby. Amoureuse d\u2019un jeune maigre, Chari passe ses journ\u00e9es \u00e0 fuir comme si la vie \u00e9tait une pi\u00e8ce de th\u00e9\u00e2tre alternatif. Elle empoisonne des soupes, coud des drames et regarde par la fen\u00eatre comme si elle \u00e9tait l\u2019h\u00e9ro\u00efne d\u2019un clip m\u00e9lancolique.","og_url":"https:\/\/pixoworld.com\/fr\/producto\/carasusto-copia\/","og_site_name":"Pixo","article_publisher":"http:\/\/www.facebook.com\/pixoworld","article_modified_time":"2025-10-27T11:54:36+00:00","og_image":[{"width":1000,"height":1000,"url":"https:\/\/pixoworld.com\/wp-content\/uploads\/2025\/10\/PN003_3.png","type":"image\/png"}],"twitter_card":"summary_large_image","twitter_site":"@pixoworld","twitter_misc":{"Dur\u00e9e de lecture estim\u00e9e":"1 minute"},"schema":{"@context":"https:\/\/schema.org","@graph":[{"@type":"WebPage","@id":"https:\/\/pixoworld.com\/fr\/producto\/carasusto-copia\/","url":"https:\/\/pixoworld.com\/fr\/producto\/carasusto-copia\/","name":"La Chari - Pixo","isPartOf":{"@id":"https:\/\/pixoworld.com\/fr\/#website"},"primaryImageOfPage":{"@id":"https:\/\/pixoworld.com\/fr\/producto\/carasusto-copia\/#primaryimage"},"image":{"@id":"https:\/\/pixoworld.com\/fr\/producto\/carasusto-copia\/#primaryimage"},"thumbnailUrl":"https:\/\/pixoworld.com\/wp-content\/uploads\/2025\/10\/PN003_3.png","datePublished":"2025-10-27T09:57:35+00:00","dateModified":"2025-10-27T11:54:36+00:00","inLanguage":"fr-FR","potentialAction":[{"@type":"ReadAction","target":["https:\/\/pixoworld.com\/fr\/producto\/carasusto-copia\/"]}]},{"@type":"ImageObject","inLanguage":"fr-FR","@id":"https:\/\/pixoworld.com\/fr\/producto\/carasusto-copia\/#primaryimage","url":"https:\/\/pixoworld.com\/wp-content\/uploads\/2025\/10\/PN003_3.png","contentUrl":"https:\/\/pixoworld.com\/wp-content\/uploads\/2025\/10\/PN003_3.png","width":1000,"height":1000},{"@type":"WebSite","@id":"https:\/\/pixoworld.com\/fr\/#website","url":"https:\/\/pixoworld.com\/fr\/","name":"Pixo","description":"Juntos, somos Pixo","publisher":{"@id":"https:\/\/pixoworld.com\/fr\/#organization"},"potentialAction":[{"@type":"SearchAction","target":{"@type":"EntryPoint","urlTemplate":"https:\/\/pixoworld.com\/fr\/?s={search_term_string}"},"query-input":{"@type":"PropertyValueSpecification","valueRequired":true,"valueName":"search_term_string"}}],"inLanguage":"fr-FR"},{"@type":"Organization","@id":"https:\/\/pixoworld.com\/fr\/#organization","name":"Pixoworld","alternateName":"PIXO","url":"https:\/\/pixoworld.com\/fr\/","logo":{"@type":"ImageObject","inLanguage":"fr-FR","@id":"https:\/\/pixoworld.com\/fr\/#\/schema\/logo\/image\/","url":"https:\/\/pixoworld.com\/wp-content\/uploads\/2021\/11\/pixo-logotipo.png","contentUrl":"https:\/\/pixoworld.com\/wp-content\/uploads\/2021\/11\/pixo-logotipo.png","width":200,"height":106,"caption":"Pixoworld"},"image":{"@id":"https:\/\/pixoworld.com\/fr\/#\/schema\/logo\/image\/"},"sameAs":["http:\/\/www.facebook.com\/pixoworld","https:\/\/x.com\/pixoworld","https:\/\/www.instagram.com\/pixoworld\/"]}]}},"_links":{"self":[{"href":"https:\/\/pixoworld.com\/fr\/wp-json\/wp\/v2\/product\/30731","targetHints":{"allow":["GET"]}}],"collection":[{"href":"https:\/\/pixoworld.com\/fr\/wp-json\/wp\/v2\/product"}],"about":[{"href":"https:\/\/pixoworld.com\/fr\/wp-json\/wp\/v2\/types\/product"}],"wp:featuredmedia":[{"embeddable":true,"href":"https:\/\/pixoworld.com\/fr\/wp-json\/wp\/v2\/media\/30740"}],"wp:attachment":[{"href":"https:\/\/pixoworld.com\/fr\/wp-json\/wp\/v2\/media?parent=30731"}],"wp:term":[{"taxonomy":"product_brand","embeddable":true,"href":"https:\/\/pixoworld.com\/fr\/wp-json\/wp\/v2\/product_brand?post=30731"},{"taxonomy":"product_cat","embeddable":true,"href":"https:\/\/pixoworld.com\/fr\/wp-json\/wp\/v2\/product_cat?post=30731"},{"taxonomy":"product_tag","embeddable":true,"href":"https:\/\/pixoworld.com\/fr\/wp-json\/wp\/v2\/product_tag?post=30731"}],"curies":[{"name":"wp","href":"https:\/\/api.w.org\/{rel}","templated":true}]}}