{"id":29285,"date":"2025-06-11T08:46:42","date_gmt":"2025-06-11T06:46:42","guid":{"rendered":"https:\/\/pixoworld.com\/?post_type=product&#038;p=29285"},"modified":"2025-06-11T15:21:55","modified_gmt":"2025-06-11T13:21:55","slug":"le-mellao-copia","status":"publish","type":"product","link":"https:\/\/pixoworld.com\/fr\/producto\/le-mellao-copia\/","title":{"rendered":"Eladio"},"content":{"rendered":"<p>Pixo est \u00e0 la fois un jouet pour les enfants et un passe-temps pour les adultes, avec plus de 150 mod\u00e8les d\u00e9di\u00e9s aux personnages de films, s\u00e9ries, animations, jeux vid\u00e9o, musique &#8230;<\/p>\n<p>Les mini-blocs sont similaires aux pi\u00e8ces des ensembles de blocs les plus populaires mais de plus petite taille. Construits en plastique ABS de qualit\u00e9 sup\u00e9rieure, ils ont un ajustement parfait et une excellente finition. <\/p>\n<p>Ce mod\u00e8le consiste en un kit de mini-blocs de construction avec lequel vous pouvez assembler un puzzle tridimensionnel pour fa\u00e7onner la figurine de votre personnage pr\u00e9f\u00e9r\u00e9.<br \/>\nInclut une feuille d&#8217;instructions.<\/p>\n<p>Favorise une meilleure cr\u00e9ativit\u00e9, des comp\u00e9tences psychomotrices et une vision spatiale.<\/p>\n<p><img decoding=\"async\" class=\"alignnone wp-image-3532 size-full iconos-producto\" src=\"https:\/\/pixoworld.com\/wp-content\/uploads\/2020\/11\/iconos-producto.png\" alt=\"\" width=\"307\" height=\"60\"><\/p>\n","protected":false},"excerpt":{"rendered":"<p>C&#8217;est le Cantabrique le plus acc\u00e9l\u00e9r\u00e9 de toute la c\u00f4te cantabrique. Ses nerfs sont plus l\u00e2ches qu&#8217;une tente dans le vent au Sardinero. Il parle \u00e0 son canard, aux nuages, \u00e0 la plaque vitroc\u00e9ramique et \u00e0 son \u00ab colocataire \u00bb, bien qu&#8217;il ne le regarde m\u00eame pas en retour.  <\/p>\n","protected":false},"featured_media":29289,"template":"","meta":[],"product_brand":[],"product_cat":[428],"product_tag":[450,1562,1561],"class_list":{"0":"post-29285","1":"product","2":"type-product","3":"status-publish","4":"has-post-thumbnail","6":"product_cat-doux","7":"product_tag-barrio-sesamo-fr-2","8":"product_tag-blas-fr","9":"product_tag-epi-fr","11":"first","12":"instock","13":"taxable","14":"shipping-taxable","15":"purchasable","16":"product-type-simple"},"yoast_head":"<!-- This site is optimized with the Yoast SEO plugin v27.5 - https:\/\/yoast.com\/product\/yoast-seo-wordpress\/ -->\n<title>Eladio - Pixo<\/title>\n<meta name=\"robots\" content=\"index, follow, max-snippet:-1, max-image-preview:large, max-video-preview:-1\" \/>\n<link rel=\"canonical\" href=\"https:\/\/pixoworld.com\/fr\/producto\/le-mellao-copia\/\" \/>\n<meta property=\"og:locale\" content=\"fr_FR\" \/>\n<meta property=\"og:type\" content=\"article\" \/>\n<meta property=\"og:title\" content=\"Eladio - Pixo\" \/>\n<meta property=\"og:description\" content=\"C&#039;est le Cantabrique le plus acc\u00e9l\u00e9r\u00e9 de toute la c\u00f4te cantabrique. Ses nerfs sont plus l\u00e2ches qu&#039;une tente dans le vent au Sardinero. Il parle \u00e0 son canard, aux nuages, \u00e0 la plaque vitroc\u00e9ramique et \u00e0 son \u00ab colocataire \u00bb, bien qu&#039;il ne le regarde m\u00eame pas en retour.\" \/>\n<meta property=\"og:url\" content=\"https:\/\/pixoworld.com\/fr\/producto\/le-mellao-copia\/\" \/>\n<meta property=\"og:site_name\" content=\"Pixo\" \/>\n<meta property=\"article:publisher\" content=\"http:\/\/www.facebook.com\/pixoworld\" \/>\n<meta property=\"article:modified_time\" content=\"2025-06-11T13:21:55+00:00\" \/>\n<meta property=\"og:image\" content=\"https:\/\/pixoworld.com\/wp-content\/uploads\/2025\/06\/SS004_2.png\" \/>\n\t<meta property=\"og:image:width\" content=\"1000\" \/>\n\t<meta property=\"og:image:height\" content=\"1000\" \/>\n\t<meta property=\"og:image:type\" content=\"image\/png\" \/>\n<meta name=\"twitter:card\" content=\"summary_large_image\" \/>\n<meta name=\"twitter:site\" content=\"@pixoworld\" \/>\n<meta name=\"twitter:label1\" content=\"Dur\u00e9e de lecture estim\u00e9e\" \/>\n\t<meta name=\"twitter:data1\" content=\"1 minute\" \/>\n<script type=\"application\/ld+json\" class=\"yoast-schema-graph\">{\"@context\":\"https:\\\/\\\/schema.org\",\"@graph\":[{\"@type\":\"WebPage\",\"@id\":\"https:\\\/\\\/pixoworld.com\\\/fr\\\/producto\\\/le-mellao-copia\\\/\",\"url\":\"https:\\\/\\\/pixoworld.com\\\/fr\\\/producto\\\/le-mellao-copia\\\/\",\"name\":\"Eladio - Pixo\",\"isPartOf\":{\"@id\":\"https:\\\/\\\/pixoworld.com\\\/fr\\\/#website\"},\"primaryImageOfPage\":{\"@id\":\"https:\\\/\\\/pixoworld.com\\\/fr\\\/producto\\\/le-mellao-copia\\\/#primaryimage\"},\"image\":{\"@id\":\"https:\\\/\\\/pixoworld.com\\\/fr\\\/producto\\\/le-mellao-copia\\\/#primaryimage\"},\"thumbnailUrl\":\"https:\\\/\\\/pixoworld.com\\\/wp-content\\\/uploads\\\/2025\\\/06\\\/SS004_2.png\",\"datePublished\":\"2025-06-11T06:46:42+00:00\",\"dateModified\":\"2025-06-11T13:21:55+00:00\",\"inLanguage\":\"fr-FR\",\"potentialAction\":[{\"@type\":\"ReadAction\",\"target\":[\"https:\\\/\\\/pixoworld.com\\\/fr\\\/producto\\\/le-mellao-copia\\\/\"]}]},{\"@type\":\"ImageObject\",\"inLanguage\":\"fr-FR\",\"@id\":\"https:\\\/\\\/pixoworld.com\\\/fr\\\/producto\\\/le-mellao-copia\\\/#primaryimage\",\"url\":\"https:\\\/\\\/pixoworld.com\\\/wp-content\\\/uploads\\\/2025\\\/06\\\/SS004_2.png\",\"contentUrl\":\"https:\\\/\\\/pixoworld.com\\\/wp-content\\\/uploads\\\/2025\\\/06\\\/SS004_2.png\",\"width\":1000,\"height\":1000},{\"@type\":\"WebSite\",\"@id\":\"https:\\\/\\\/pixoworld.com\\\/fr\\\/#website\",\"url\":\"https:\\\/\\\/pixoworld.com\\\/fr\\\/\",\"name\":\"Pixo\",\"description\":\"Juntos, somos Pixo\",\"publisher\":{\"@id\":\"https:\\\/\\\/pixoworld.com\\\/fr\\\/#organization\"},\"potentialAction\":[{\"@type\":\"SearchAction\",\"target\":{\"@type\":\"EntryPoint\",\"urlTemplate\":\"https:\\\/\\\/pixoworld.com\\\/fr\\\/?s={search_term_string}\"},\"query-input\":{\"@type\":\"PropertyValueSpecification\",\"valueRequired\":true,\"valueName\":\"search_term_string\"}}],\"inLanguage\":\"fr-FR\"},{\"@type\":\"Organization\",\"@id\":\"https:\\\/\\\/pixoworld.com\\\/fr\\\/#organization\",\"name\":\"Pixoworld\",\"alternateName\":\"PIXO\",\"url\":\"https:\\\/\\\/pixoworld.com\\\/fr\\\/\",\"logo\":{\"@type\":\"ImageObject\",\"inLanguage\":\"fr-FR\",\"@id\":\"https:\\\/\\\/pixoworld.com\\\/fr\\\/#\\\/schema\\\/logo\\\/image\\\/\",\"url\":\"https:\\\/\\\/pixoworld.com\\\/wp-content\\\/uploads\\\/2021\\\/11\\\/pixo-logotipo.png\",\"contentUrl\":\"https:\\\/\\\/pixoworld.com\\\/wp-content\\\/uploads\\\/2021\\\/11\\\/pixo-logotipo.png\",\"width\":200,\"height\":106,\"caption\":\"Pixoworld\"},\"image\":{\"@id\":\"https:\\\/\\\/pixoworld.com\\\/fr\\\/#\\\/schema\\\/logo\\\/image\\\/\"},\"sameAs\":[\"http:\\\/\\\/www.facebook.com\\\/pixoworld\",\"https:\\\/\\\/x.com\\\/pixoworld\",\"https:\\\/\\\/www.instagram.com\\\/pixoworld\\\/\"]}]}<\/script>\n<!-- \/ Yoast SEO plugin. -->","yoast_head_json":{"title":"Eladio - Pixo","robots":{"index":"index","follow":"follow","max-snippet":"max-snippet:-1","max-image-preview":"max-image-preview:large","max-video-preview":"max-video-preview:-1"},"canonical":"https:\/\/pixoworld.com\/fr\/producto\/le-mellao-copia\/","og_locale":"fr_FR","og_type":"article","og_title":"Eladio - Pixo","og_description":"C'est le Cantabrique le plus acc\u00e9l\u00e9r\u00e9 de toute la c\u00f4te cantabrique. Ses nerfs sont plus l\u00e2ches qu'une tente dans le vent au Sardinero. Il parle \u00e0 son canard, aux nuages, \u00e0 la plaque vitroc\u00e9ramique et \u00e0 son \u00ab colocataire \u00bb, bien qu'il ne le regarde m\u00eame pas en retour.","og_url":"https:\/\/pixoworld.com\/fr\/producto\/le-mellao-copia\/","og_site_name":"Pixo","article_publisher":"http:\/\/www.facebook.com\/pixoworld","article_modified_time":"2025-06-11T13:21:55+00:00","og_image":[{"width":1000,"height":1000,"url":"https:\/\/pixoworld.com\/wp-content\/uploads\/2025\/06\/SS004_2.png","type":"image\/png"}],"twitter_card":"summary_large_image","twitter_site":"@pixoworld","twitter_misc":{"Dur\u00e9e de lecture estim\u00e9e":"1 minute"},"schema":{"@context":"https:\/\/schema.org","@graph":[{"@type":"WebPage","@id":"https:\/\/pixoworld.com\/fr\/producto\/le-mellao-copia\/","url":"https:\/\/pixoworld.com\/fr\/producto\/le-mellao-copia\/","name":"Eladio - Pixo","isPartOf":{"@id":"https:\/\/pixoworld.com\/fr\/#website"},"primaryImageOfPage":{"@id":"https:\/\/pixoworld.com\/fr\/producto\/le-mellao-copia\/#primaryimage"},"image":{"@id":"https:\/\/pixoworld.com\/fr\/producto\/le-mellao-copia\/#primaryimage"},"thumbnailUrl":"https:\/\/pixoworld.com\/wp-content\/uploads\/2025\/06\/SS004_2.png","datePublished":"2025-06-11T06:46:42+00:00","dateModified":"2025-06-11T13:21:55+00:00","inLanguage":"fr-FR","potentialAction":[{"@type":"ReadAction","target":["https:\/\/pixoworld.com\/fr\/producto\/le-mellao-copia\/"]}]},{"@type":"ImageObject","inLanguage":"fr-FR","@id":"https:\/\/pixoworld.com\/fr\/producto\/le-mellao-copia\/#primaryimage","url":"https:\/\/pixoworld.com\/wp-content\/uploads\/2025\/06\/SS004_2.png","contentUrl":"https:\/\/pixoworld.com\/wp-content\/uploads\/2025\/06\/SS004_2.png","width":1000,"height":1000},{"@type":"WebSite","@id":"https:\/\/pixoworld.com\/fr\/#website","url":"https:\/\/pixoworld.com\/fr\/","name":"Pixo","description":"Juntos, somos Pixo","publisher":{"@id":"https:\/\/pixoworld.com\/fr\/#organization"},"potentialAction":[{"@type":"SearchAction","target":{"@type":"EntryPoint","urlTemplate":"https:\/\/pixoworld.com\/fr\/?s={search_term_string}"},"query-input":{"@type":"PropertyValueSpecification","valueRequired":true,"valueName":"search_term_string"}}],"inLanguage":"fr-FR"},{"@type":"Organization","@id":"https:\/\/pixoworld.com\/fr\/#organization","name":"Pixoworld","alternateName":"PIXO","url":"https:\/\/pixoworld.com\/fr\/","logo":{"@type":"ImageObject","inLanguage":"fr-FR","@id":"https:\/\/pixoworld.com\/fr\/#\/schema\/logo\/image\/","url":"https:\/\/pixoworld.com\/wp-content\/uploads\/2021\/11\/pixo-logotipo.png","contentUrl":"https:\/\/pixoworld.com\/wp-content\/uploads\/2021\/11\/pixo-logotipo.png","width":200,"height":106,"caption":"Pixoworld"},"image":{"@id":"https:\/\/pixoworld.com\/fr\/#\/schema\/logo\/image\/"},"sameAs":["http:\/\/www.facebook.com\/pixoworld","https:\/\/x.com\/pixoworld","https:\/\/www.instagram.com\/pixoworld\/"]}]}},"_links":{"self":[{"href":"https:\/\/pixoworld.com\/fr\/wp-json\/wp\/v2\/product\/29285","targetHints":{"allow":["GET"]}}],"collection":[{"href":"https:\/\/pixoworld.com\/fr\/wp-json\/wp\/v2\/product"}],"about":[{"href":"https:\/\/pixoworld.com\/fr\/wp-json\/wp\/v2\/types\/product"}],"wp:featuredmedia":[{"embeddable":true,"href":"https:\/\/pixoworld.com\/fr\/wp-json\/wp\/v2\/media\/29289"}],"wp:attachment":[{"href":"https:\/\/pixoworld.com\/fr\/wp-json\/wp\/v2\/media?parent=29285"}],"wp:term":[{"taxonomy":"product_brand","embeddable":true,"href":"https:\/\/pixoworld.com\/fr\/wp-json\/wp\/v2\/product_brand?post=29285"},{"taxonomy":"product_cat","embeddable":true,"href":"https:\/\/pixoworld.com\/fr\/wp-json\/wp\/v2\/product_cat?post=29285"},{"taxonomy":"product_tag","embeddable":true,"href":"https:\/\/pixoworld.com\/fr\/wp-json\/wp\/v2\/product_tag?post=29285"}],"curies":[{"name":"wp","href":"https:\/\/api.w.org\/{rel}","templated":true}]}}