{"id":13805,"date":"2023-06-13T11:36:22","date_gmt":"2023-04-11T09:36:23","guid":{"rendered":"https:\/\/pixoworld.com\/?post_type=product&#038;p=13805"},"modified":"2023-04-12T08:37:51","modified_gmt":"2023-04-12T06:37:51","slug":"el-mariano","status":"publish","type":"product","link":"https:\/\/pixoworld.com\/fr\/producto\/el-mariano\/","title":{"rendered":"El Mariano"},"content":{"rendered":"<p>Pixo est \u00e0 la fois un jouet pour les enfants et un passe-temps pour les adultes, avec plus de 150 mod\u00e8les d\u00e9di\u00e9s aux personnages de films, s\u00e9ries, animations, jeux vid\u00e9o, musique \u2026 Les mini-blocs sont similaires aux pi\u00e8ces des ensembles de blocs les plus populaires mais de plus petite taille. Construits en plastique ABS de qualit\u00e9 sup\u00e9rieure, ils ont un ajustement parfait et une excellente finition. Ce mod\u00e8le se compose d\u2019un Kit de mini blocs de construction avec lesquels vous pouvez assembler un puzzle 3D pour fa\u00e7onner la figurine miniaturis\u00e9e de votre personnage pr\u00e9f\u00e9r\u00e9. Comprend une feuille d\u2019instructions. Favorise une meilleure cr\u00e9ativit\u00e9, des comp\u00e9tences psychomotrices et une vision spatiale.<\/p>\n<p><img decoding=\"async\" class=\"alignnone wp-image-3532 size-full iconos-producto\" src=\"https:\/\/pixoworld.com\/wp-content\/uploads\/2020\/11\/iconos-producto.png\" alt=\"\" width=\"307\" height=\"60\" \/><\/p>\n","protected":false},"excerpt":{"rendered":"<p>Fervent adorateur de la doctrine mariale, part pour la galaxie en enseignant aux gens comment manger des hamburgers sans enlever le casque. Il est toujours accompagn\u00e9 d&#8217;un insecte vert auquel on l&#8217;appelle affectueusement le Petit Berger.<\/p>\n","protected":false},"featured_media":13819,"template":"","meta":[],"product_brand":[],"product_cat":[414],"product_tag":[435,453,482,1030,519,534,625,698,1134,1404,1173,881,936,1244,1264,1013],"class_list":{"0":"post-13805","1":"product","2":"type-product","3":"status-publish","4":"has-post-thumbnail","6":"product_cat-heros","7":"product_tag-baby-yoda-fr","8":"product_tag-bb8-fr","9":"product_tag-boba-fett-fr","10":"product_tag-c3p8-fr","11":"product_tag-chewbacca-fr","12":"product_tag-darth-vader-fr","13":"product_tag-han-solo-fr","14":"product_tag-leia-fr","15":"product_tag-luke-skywalker-fr","16":"product_tag-mandalorian-fr","17":"product_tag-obi-wan-kenobi-fr","18":"product_tag-r2d2-fr","19":"product_tag-star-wars-fr","20":"product_tag-stormtrooper-fr","21":"product_tag-trooper-fr","22":"product_tag-yoda-fr","24":"first","25":"instock","26":"taxable","27":"shipping-taxable","28":"purchasable","29":"product-type-simple"},"yoast_head":"<!-- This site is optimized with the Yoast SEO plugin v26.1.1 - https:\/\/yoast.com\/wordpress\/plugins\/seo\/ -->\n<title>El Mariano - Pixo<\/title>\n<meta name=\"robots\" content=\"index, follow, max-snippet:-1, max-image-preview:large, max-video-preview:-1\" \/>\n<link rel=\"canonical\" href=\"https:\/\/pixoworld.com\/fr\/producto\/el-mariano\/\" \/>\n<meta property=\"og:locale\" content=\"fr_FR\" \/>\n<meta property=\"og:type\" content=\"article\" \/>\n<meta property=\"og:title\" content=\"El Mariano - Pixo\" \/>\n<meta property=\"og:description\" content=\"Fervent adorateur de la doctrine mariale, part pour la galaxie en enseignant aux gens comment manger des hamburgers sans enlever le casque. Il est toujours accompagn\u00e9 d&#039;un insecte vert auquel on l&#039;appelle affectueusement le Petit Berger.\" \/>\n<meta property=\"og:url\" content=\"https:\/\/pixoworld.com\/fr\/producto\/el-mariano\/\" \/>\n<meta property=\"og:site_name\" content=\"Pixo\" \/>\n<meta property=\"article:publisher\" content=\"http:\/\/www.facebook.com\/pixoworld\" \/>\n<meta property=\"article:modified_time\" content=\"2023-04-12T06:37:51+00:00\" \/>\n<meta property=\"og:image\" content=\"https:\/\/pixoworld.com\/wp-content\/uploads\/2023\/04\/SW015.jpg\" \/>\n\t<meta property=\"og:image:width\" content=\"1000\" \/>\n\t<meta property=\"og:image:height\" content=\"1000\" \/>\n\t<meta property=\"og:image:type\" content=\"image\/jpeg\" \/>\n<meta name=\"twitter:card\" content=\"summary_large_image\" \/>\n<meta name=\"twitter:site\" content=\"@pixoworld\" \/>\n<meta name=\"twitter:label1\" content=\"Dur\u00e9e de lecture estim\u00e9e\" \/>\n\t<meta name=\"twitter:data1\" content=\"1 minute\" \/>\n<script type=\"application\/ld+json\" class=\"yoast-schema-graph\">{\"@context\":\"https:\/\/schema.org\",\"@graph\":[{\"@type\":\"WebPage\",\"@id\":\"https:\/\/pixoworld.com\/fr\/producto\/el-mariano\/\",\"url\":\"https:\/\/pixoworld.com\/fr\/producto\/el-mariano\/\",\"name\":\"El Mariano - Pixo\",\"isPartOf\":{\"@id\":\"https:\/\/pixoworld.com\/fr\/#website\"},\"primaryImageOfPage\":{\"@id\":\"https:\/\/pixoworld.com\/fr\/producto\/el-mariano\/#primaryimage\"},\"image\":{\"@id\":\"https:\/\/pixoworld.com\/fr\/producto\/el-mariano\/#primaryimage\"},\"thumbnailUrl\":\"https:\/\/pixoworld.com\/wp-content\/uploads\/2023\/04\/SW015.jpg\",\"datePublished\":\"2023-04-11T09:36:23+00:00\",\"dateModified\":\"2023-04-12T06:37:51+00:00\",\"inLanguage\":\"fr-FR\",\"potentialAction\":[{\"@type\":\"ReadAction\",\"target\":[\"https:\/\/pixoworld.com\/fr\/producto\/el-mariano\/\"]}]},{\"@type\":\"ImageObject\",\"inLanguage\":\"fr-FR\",\"@id\":\"https:\/\/pixoworld.com\/fr\/producto\/el-mariano\/#primaryimage\",\"url\":\"https:\/\/pixoworld.com\/wp-content\/uploads\/2023\/04\/SW015.jpg\",\"contentUrl\":\"https:\/\/pixoworld.com\/wp-content\/uploads\/2023\/04\/SW015.jpg\",\"width\":1000,\"height\":1000},{\"@type\":\"WebSite\",\"@id\":\"https:\/\/pixoworld.com\/fr\/#website\",\"url\":\"https:\/\/pixoworld.com\/fr\/\",\"name\":\"Pixo\",\"description\":\"Juntos, somos Pixo\",\"publisher\":{\"@id\":\"https:\/\/pixoworld.com\/fr\/#organization\"},\"potentialAction\":[{\"@type\":\"SearchAction\",\"target\":{\"@type\":\"EntryPoint\",\"urlTemplate\":\"https:\/\/pixoworld.com\/fr\/?s={search_term_string}\"},\"query-input\":{\"@type\":\"PropertyValueSpecification\",\"valueRequired\":true,\"valueName\":\"search_term_string\"}}],\"inLanguage\":\"fr-FR\"},{\"@type\":\"Organization\",\"@id\":\"https:\/\/pixoworld.com\/fr\/#organization\",\"name\":\"Pixoworld\",\"alternateName\":\"PIXO\",\"url\":\"https:\/\/pixoworld.com\/fr\/\",\"logo\":{\"@type\":\"ImageObject\",\"inLanguage\":\"fr-FR\",\"@id\":\"https:\/\/pixoworld.com\/fr\/#\/schema\/logo\/image\/\",\"url\":\"https:\/\/pixoworld.com\/wp-content\/uploads\/2021\/11\/pixo-logotipo.png\",\"contentUrl\":\"https:\/\/pixoworld.com\/wp-content\/uploads\/2021\/11\/pixo-logotipo.png\",\"width\":200,\"height\":106,\"caption\":\"Pixoworld\"},\"image\":{\"@id\":\"https:\/\/pixoworld.com\/fr\/#\/schema\/logo\/image\/\"},\"sameAs\":[\"http:\/\/www.facebook.com\/pixoworld\",\"https:\/\/x.com\/pixoworld\",\"https:\/\/www.instagram.com\/pixoworld\/\"]}]}<\/script>\n<!-- \/ Yoast SEO plugin. -->","yoast_head_json":{"title":"El Mariano - Pixo","robots":{"index":"index","follow":"follow","max-snippet":"max-snippet:-1","max-image-preview":"max-image-preview:large","max-video-preview":"max-video-preview:-1"},"canonical":"https:\/\/pixoworld.com\/fr\/producto\/el-mariano\/","og_locale":"fr_FR","og_type":"article","og_title":"El Mariano - Pixo","og_description":"Fervent adorateur de la doctrine mariale, part pour la galaxie en enseignant aux gens comment manger des hamburgers sans enlever le casque. Il est toujours accompagn\u00e9 d'un insecte vert auquel on l'appelle affectueusement le Petit Berger.","og_url":"https:\/\/pixoworld.com\/fr\/producto\/el-mariano\/","og_site_name":"Pixo","article_publisher":"http:\/\/www.facebook.com\/pixoworld","article_modified_time":"2023-04-12T06:37:51+00:00","og_image":[{"width":1000,"height":1000,"url":"https:\/\/pixoworld.com\/wp-content\/uploads\/2023\/04\/SW015.jpg","type":"image\/jpeg"}],"twitter_card":"summary_large_image","twitter_site":"@pixoworld","twitter_misc":{"Dur\u00e9e de lecture estim\u00e9e":"1 minute"},"schema":{"@context":"https:\/\/schema.org","@graph":[{"@type":"WebPage","@id":"https:\/\/pixoworld.com\/fr\/producto\/el-mariano\/","url":"https:\/\/pixoworld.com\/fr\/producto\/el-mariano\/","name":"El Mariano - Pixo","isPartOf":{"@id":"https:\/\/pixoworld.com\/fr\/#website"},"primaryImageOfPage":{"@id":"https:\/\/pixoworld.com\/fr\/producto\/el-mariano\/#primaryimage"},"image":{"@id":"https:\/\/pixoworld.com\/fr\/producto\/el-mariano\/#primaryimage"},"thumbnailUrl":"https:\/\/pixoworld.com\/wp-content\/uploads\/2023\/04\/SW015.jpg","datePublished":"2023-04-11T09:36:23+00:00","dateModified":"2023-04-12T06:37:51+00:00","inLanguage":"fr-FR","potentialAction":[{"@type":"ReadAction","target":["https:\/\/pixoworld.com\/fr\/producto\/el-mariano\/"]}]},{"@type":"ImageObject","inLanguage":"fr-FR","@id":"https:\/\/pixoworld.com\/fr\/producto\/el-mariano\/#primaryimage","url":"https:\/\/pixoworld.com\/wp-content\/uploads\/2023\/04\/SW015.jpg","contentUrl":"https:\/\/pixoworld.com\/wp-content\/uploads\/2023\/04\/SW015.jpg","width":1000,"height":1000},{"@type":"WebSite","@id":"https:\/\/pixoworld.com\/fr\/#website","url":"https:\/\/pixoworld.com\/fr\/","name":"Pixo","description":"Juntos, somos Pixo","publisher":{"@id":"https:\/\/pixoworld.com\/fr\/#organization"},"potentialAction":[{"@type":"SearchAction","target":{"@type":"EntryPoint","urlTemplate":"https:\/\/pixoworld.com\/fr\/?s={search_term_string}"},"query-input":{"@type":"PropertyValueSpecification","valueRequired":true,"valueName":"search_term_string"}}],"inLanguage":"fr-FR"},{"@type":"Organization","@id":"https:\/\/pixoworld.com\/fr\/#organization","name":"Pixoworld","alternateName":"PIXO","url":"https:\/\/pixoworld.com\/fr\/","logo":{"@type":"ImageObject","inLanguage":"fr-FR","@id":"https:\/\/pixoworld.com\/fr\/#\/schema\/logo\/image\/","url":"https:\/\/pixoworld.com\/wp-content\/uploads\/2021\/11\/pixo-logotipo.png","contentUrl":"https:\/\/pixoworld.com\/wp-content\/uploads\/2021\/11\/pixo-logotipo.png","width":200,"height":106,"caption":"Pixoworld"},"image":{"@id":"https:\/\/pixoworld.com\/fr\/#\/schema\/logo\/image\/"},"sameAs":["http:\/\/www.facebook.com\/pixoworld","https:\/\/x.com\/pixoworld","https:\/\/www.instagram.com\/pixoworld\/"]}]}},"_links":{"self":[{"href":"https:\/\/pixoworld.com\/fr\/wp-json\/wp\/v2\/product\/13805","targetHints":{"allow":["GET"]}}],"collection":[{"href":"https:\/\/pixoworld.com\/fr\/wp-json\/wp\/v2\/product"}],"about":[{"href":"https:\/\/pixoworld.com\/fr\/wp-json\/wp\/v2\/types\/product"}],"wp:featuredmedia":[{"embeddable":true,"href":"https:\/\/pixoworld.com\/fr\/wp-json\/wp\/v2\/media\/13819"}],"wp:attachment":[{"href":"https:\/\/pixoworld.com\/fr\/wp-json\/wp\/v2\/media?parent=13805"}],"wp:term":[{"taxonomy":"product_brand","embeddable":true,"href":"https:\/\/pixoworld.com\/fr\/wp-json\/wp\/v2\/product_brand?post=13805"},{"taxonomy":"product_cat","embeddable":true,"href":"https:\/\/pixoworld.com\/fr\/wp-json\/wp\/v2\/product_cat?post=13805"},{"taxonomy":"product_tag","embeddable":true,"href":"https:\/\/pixoworld.com\/fr\/wp-json\/wp\/v2\/product_tag?post=13805"}],"curies":[{"name":"wp","href":"https:\/\/api.w.org\/{rel}","templated":true}]}}