{"id":30729,"date":"2025-10-27T10:57:35","date_gmt":"2025-10-27T09:57:35","guid":{"rendered":"https:\/\/pixoworld.com\/?post_type=product&#038;p=30729"},"modified":"2025-10-27T12:54:45","modified_gmt":"2025-10-27T11:54:45","slug":"carasusto-copia","status":"publish","type":"product","link":"https:\/\/pixoworld.com\/de\/producto\/carasusto-copia\/","title":{"rendered":"La Chari"},"content":{"rendered":"<p>Pixo ist sowohl ein Spielzeug f\u00fcr Kinder als auch ein Hobby f\u00fcr Erwachsene, mit mehr als 150 Modellen, die Figuren aus Filmen, Serien, Animationsfilmen, Videospielen, Musik usw. gewidmet sind.<\/p>\n<p>Mini-Bl\u00f6cke \u00e4hneln den Teilen der beliebtesten Block-Sets, sind jedoch kleiner. Sie bestehen aus hochwertigem ABS-Kunststoff und haben eine perfekte Passform und ein ausgezeichnetes Finish.<\/p>\n<p>Dieses Modell besteht aus einem Bausatz mit Minibausteinen, mit denen Sie ein dreidimensionales Puzzle zusammenbauen k\u00f6nnen, um die Miniaturfigur Ihres Lieblingscharakters zu gestalten.<br \/>\nEnth\u00e4lt digitale Anweisungen.<\/p>\n<p>F\u00f6rdert bessere Kreativit\u00e4t, psychomotorische F\u00e4higkeiten und r\u00e4umliches Sehen.<\/p>\n<p><img decoding=\"async\" class=\"alignnone wp-image-3532 size-full iconos-producto\" src=\"https:\/\/pixoworld.com\/wp-content\/uploads\/2020\/11\/iconos-producto.png\" alt=\"\" width=\"307\" height=\"60\" \/><\/p>\n","protected":false},"excerpt":{"rendered":"<p class=\"ai-optimize-30\">Puppe mit mehr N\u00e4hten als ein Rugbyball. Verliebt in einen d\u00fcrren Jungen verbringt Chari ihre Tage damit, davonzulaufen, als w\u00e4re das Leben ein alternatives Theaterst\u00fcck. Sie vergiftet Suppen, n\u00e4ht Dramen und schaut aus dem Fenster, als w\u00e4re sie die Hauptfigur in einem traurigen Musikvideo.<\/p>\n","protected":false},"featured_media":30741,"template":"","meta":[],"product_brand":[],"product_cat":[399],"product_tag":[1653],"class_list":{"0":"post-30729","1":"product","2":"type-product","3":"status-publish","4":"has-post-thumbnail","6":"product_cat-kreaturen","7":"product_tag-pesadilla-antes-de-navidad-de","9":"first","10":"instock","11":"taxable","12":"shipping-taxable","13":"purchasable","14":"product-type-simple"},"yoast_head":"<!-- This site is optimized with the Yoast SEO plugin v26.1.1 - https:\/\/yoast.com\/wordpress\/plugins\/seo\/ -->\n<title>La Chari - Pixo<\/title>\n<meta name=\"robots\" content=\"index, follow, max-snippet:-1, max-image-preview:large, max-video-preview:-1\" \/>\n<link rel=\"canonical\" href=\"https:\/\/pixoworld.com\/de\/producto\/carasusto-copia\/\" \/>\n<meta property=\"og:locale\" content=\"de_DE\" \/>\n<meta property=\"og:type\" content=\"article\" \/>\n<meta property=\"og:title\" content=\"La Chari - Pixo\" \/>\n<meta property=\"og:description\" content=\"Puppe mit mehr N\u00e4hten als ein Rugbyball. Verliebt in einen d\u00fcrren Jungen verbringt Chari ihre Tage damit, davonzulaufen, als w\u00e4re das Leben ein alternatives Theaterst\u00fcck. Sie vergiftet Suppen, n\u00e4ht Dramen und schaut aus dem Fenster, als w\u00e4re sie die Hauptfigur in einem traurigen Musikvideo.\" \/>\n<meta property=\"og:url\" content=\"https:\/\/pixoworld.com\/de\/producto\/carasusto-copia\/\" \/>\n<meta property=\"og:site_name\" content=\"Pixo\" \/>\n<meta property=\"article:publisher\" content=\"http:\/\/www.facebook.com\/pixoworld\" \/>\n<meta property=\"article:modified_time\" content=\"2025-10-27T11:54:45+00:00\" \/>\n<meta property=\"og:image\" content=\"https:\/\/pixoworld.com\/wp-content\/uploads\/2025\/10\/PN003_3.png\" \/>\n\t<meta property=\"og:image:width\" content=\"1000\" \/>\n\t<meta property=\"og:image:height\" content=\"1000\" \/>\n\t<meta property=\"og:image:type\" content=\"image\/png\" \/>\n<meta name=\"twitter:card\" content=\"summary_large_image\" \/>\n<meta name=\"twitter:site\" content=\"@pixoworld\" \/>\n<meta name=\"twitter:label1\" content=\"Gesch\u00e4tzte Lesezeit\" \/>\n\t<meta name=\"twitter:data1\" content=\"1\u00a0Minute\" \/>\n<script type=\"application\/ld+json\" class=\"yoast-schema-graph\">{\"@context\":\"https:\/\/schema.org\",\"@graph\":[{\"@type\":\"WebPage\",\"@id\":\"https:\/\/pixoworld.com\/de\/producto\/carasusto-copia\/\",\"url\":\"https:\/\/pixoworld.com\/de\/producto\/carasusto-copia\/\",\"name\":\"La Chari - Pixo\",\"isPartOf\":{\"@id\":\"https:\/\/pixoworld.com\/de\/#website\"},\"primaryImageOfPage\":{\"@id\":\"https:\/\/pixoworld.com\/de\/producto\/carasusto-copia\/#primaryimage\"},\"image\":{\"@id\":\"https:\/\/pixoworld.com\/de\/producto\/carasusto-copia\/#primaryimage\"},\"thumbnailUrl\":\"https:\/\/pixoworld.com\/wp-content\/uploads\/2025\/10\/PN003_3.png\",\"datePublished\":\"2025-10-27T09:57:35+00:00\",\"dateModified\":\"2025-10-27T11:54:45+00:00\",\"inLanguage\":\"de\",\"potentialAction\":[{\"@type\":\"ReadAction\",\"target\":[\"https:\/\/pixoworld.com\/de\/producto\/carasusto-copia\/\"]}]},{\"@type\":\"ImageObject\",\"inLanguage\":\"de\",\"@id\":\"https:\/\/pixoworld.com\/de\/producto\/carasusto-copia\/#primaryimage\",\"url\":\"https:\/\/pixoworld.com\/wp-content\/uploads\/2025\/10\/PN003_3.png\",\"contentUrl\":\"https:\/\/pixoworld.com\/wp-content\/uploads\/2025\/10\/PN003_3.png\",\"width\":1000,\"height\":1000},{\"@type\":\"WebSite\",\"@id\":\"https:\/\/pixoworld.com\/de\/#website\",\"url\":\"https:\/\/pixoworld.com\/de\/\",\"name\":\"Pixo\",\"description\":\"Juntos, somos Pixo\",\"publisher\":{\"@id\":\"https:\/\/pixoworld.com\/de\/#organization\"},\"potentialAction\":[{\"@type\":\"SearchAction\",\"target\":{\"@type\":\"EntryPoint\",\"urlTemplate\":\"https:\/\/pixoworld.com\/de\/?s={search_term_string}\"},\"query-input\":{\"@type\":\"PropertyValueSpecification\",\"valueRequired\":true,\"valueName\":\"search_term_string\"}}],\"inLanguage\":\"de\"},{\"@type\":\"Organization\",\"@id\":\"https:\/\/pixoworld.com\/de\/#organization\",\"name\":\"Pixoworld\",\"alternateName\":\"PIXO\",\"url\":\"https:\/\/pixoworld.com\/de\/\",\"logo\":{\"@type\":\"ImageObject\",\"inLanguage\":\"de\",\"@id\":\"https:\/\/pixoworld.com\/de\/#\/schema\/logo\/image\/\",\"url\":\"https:\/\/pixoworld.com\/wp-content\/uploads\/2021\/11\/pixo-logotipo.png\",\"contentUrl\":\"https:\/\/pixoworld.com\/wp-content\/uploads\/2021\/11\/pixo-logotipo.png\",\"width\":200,\"height\":106,\"caption\":\"Pixoworld\"},\"image\":{\"@id\":\"https:\/\/pixoworld.com\/de\/#\/schema\/logo\/image\/\"},\"sameAs\":[\"http:\/\/www.facebook.com\/pixoworld\",\"https:\/\/x.com\/pixoworld\",\"https:\/\/www.instagram.com\/pixoworld\/\"]}]}<\/script>\n<!-- \/ Yoast SEO plugin. -->","yoast_head_json":{"title":"La Chari - Pixo","robots":{"index":"index","follow":"follow","max-snippet":"max-snippet:-1","max-image-preview":"max-image-preview:large","max-video-preview":"max-video-preview:-1"},"canonical":"https:\/\/pixoworld.com\/de\/producto\/carasusto-copia\/","og_locale":"de_DE","og_type":"article","og_title":"La Chari - Pixo","og_description":"Puppe mit mehr N\u00e4hten als ein Rugbyball. Verliebt in einen d\u00fcrren Jungen verbringt Chari ihre Tage damit, davonzulaufen, als w\u00e4re das Leben ein alternatives Theaterst\u00fcck. Sie vergiftet Suppen, n\u00e4ht Dramen und schaut aus dem Fenster, als w\u00e4re sie die Hauptfigur in einem traurigen Musikvideo.","og_url":"https:\/\/pixoworld.com\/de\/producto\/carasusto-copia\/","og_site_name":"Pixo","article_publisher":"http:\/\/www.facebook.com\/pixoworld","article_modified_time":"2025-10-27T11:54:45+00:00","og_image":[{"width":1000,"height":1000,"url":"https:\/\/pixoworld.com\/wp-content\/uploads\/2025\/10\/PN003_3.png","type":"image\/png"}],"twitter_card":"summary_large_image","twitter_site":"@pixoworld","twitter_misc":{"Gesch\u00e4tzte Lesezeit":"1\u00a0Minute"},"schema":{"@context":"https:\/\/schema.org","@graph":[{"@type":"WebPage","@id":"https:\/\/pixoworld.com\/de\/producto\/carasusto-copia\/","url":"https:\/\/pixoworld.com\/de\/producto\/carasusto-copia\/","name":"La Chari - Pixo","isPartOf":{"@id":"https:\/\/pixoworld.com\/de\/#website"},"primaryImageOfPage":{"@id":"https:\/\/pixoworld.com\/de\/producto\/carasusto-copia\/#primaryimage"},"image":{"@id":"https:\/\/pixoworld.com\/de\/producto\/carasusto-copia\/#primaryimage"},"thumbnailUrl":"https:\/\/pixoworld.com\/wp-content\/uploads\/2025\/10\/PN003_3.png","datePublished":"2025-10-27T09:57:35+00:00","dateModified":"2025-10-27T11:54:45+00:00","inLanguage":"de","potentialAction":[{"@type":"ReadAction","target":["https:\/\/pixoworld.com\/de\/producto\/carasusto-copia\/"]}]},{"@type":"ImageObject","inLanguage":"de","@id":"https:\/\/pixoworld.com\/de\/producto\/carasusto-copia\/#primaryimage","url":"https:\/\/pixoworld.com\/wp-content\/uploads\/2025\/10\/PN003_3.png","contentUrl":"https:\/\/pixoworld.com\/wp-content\/uploads\/2025\/10\/PN003_3.png","width":1000,"height":1000},{"@type":"WebSite","@id":"https:\/\/pixoworld.com\/de\/#website","url":"https:\/\/pixoworld.com\/de\/","name":"Pixo","description":"Juntos, somos Pixo","publisher":{"@id":"https:\/\/pixoworld.com\/de\/#organization"},"potentialAction":[{"@type":"SearchAction","target":{"@type":"EntryPoint","urlTemplate":"https:\/\/pixoworld.com\/de\/?s={search_term_string}"},"query-input":{"@type":"PropertyValueSpecification","valueRequired":true,"valueName":"search_term_string"}}],"inLanguage":"de"},{"@type":"Organization","@id":"https:\/\/pixoworld.com\/de\/#organization","name":"Pixoworld","alternateName":"PIXO","url":"https:\/\/pixoworld.com\/de\/","logo":{"@type":"ImageObject","inLanguage":"de","@id":"https:\/\/pixoworld.com\/de\/#\/schema\/logo\/image\/","url":"https:\/\/pixoworld.com\/wp-content\/uploads\/2021\/11\/pixo-logotipo.png","contentUrl":"https:\/\/pixoworld.com\/wp-content\/uploads\/2021\/11\/pixo-logotipo.png","width":200,"height":106,"caption":"Pixoworld"},"image":{"@id":"https:\/\/pixoworld.com\/de\/#\/schema\/logo\/image\/"},"sameAs":["http:\/\/www.facebook.com\/pixoworld","https:\/\/x.com\/pixoworld","https:\/\/www.instagram.com\/pixoworld\/"]}]}},"_links":{"self":[{"href":"https:\/\/pixoworld.com\/de\/wp-json\/wp\/v2\/product\/30729","targetHints":{"allow":["GET"]}}],"collection":[{"href":"https:\/\/pixoworld.com\/de\/wp-json\/wp\/v2\/product"}],"about":[{"href":"https:\/\/pixoworld.com\/de\/wp-json\/wp\/v2\/types\/product"}],"wp:featuredmedia":[{"embeddable":true,"href":"https:\/\/pixoworld.com\/de\/wp-json\/wp\/v2\/media\/30741"}],"wp:attachment":[{"href":"https:\/\/pixoworld.com\/de\/wp-json\/wp\/v2\/media?parent=30729"}],"wp:term":[{"taxonomy":"product_brand","embeddable":true,"href":"https:\/\/pixoworld.com\/de\/wp-json\/wp\/v2\/product_brand?post=30729"},{"taxonomy":"product_cat","embeddable":true,"href":"https:\/\/pixoworld.com\/de\/wp-json\/wp\/v2\/product_cat?post=30729"},{"taxonomy":"product_tag","embeddable":true,"href":"https:\/\/pixoworld.com\/de\/wp-json\/wp\/v2\/product_tag?post=30729"}],"curies":[{"name":"wp","href":"https:\/\/api.w.org\/{rel}","templated":true}]}}