{"id":29520,"date":"2025-06-23T13:23:03","date_gmt":"2025-06-23T11:23:03","guid":{"rendered":"https:\/\/pixoworld.com\/?post_type=product&#038;p=29520"},"modified":"2025-06-24T20:26:09","modified_gmt":"2025-06-24T18:26:09","slug":"eeeeoooo-copia","status":"publish","type":"product","link":"https:\/\/pixoworld.com\/de\/producto\/eeeeoooo-copia\/","title":{"rendered":"Aiwan Tubifri"},"content":{"rendered":"<p>Pixo ist sowohl ein Spielzeug f\u00fcr Kinder als auch ein Hobby f\u00fcr Erwachsene. Mehr als 150 Modelle widmen sich Charakteren aus Filmen, Serien, Animationen, Videospielen, Musik &#8230;<\/p>\n<p>Mini-Bl\u00f6cke \u00e4hneln den Teilen der beliebtesten Block-Sets, sind jedoch kleiner. Sie bestehen aus hochwertigem ABS-Kunststoff und haben eine perfekte Passform und ein ausgezeichnetes Finish. <\/p>\n<p>Dieses Modell besteht aus einem Mini-Baukasten, mit dem du ein dreidimensionales Puzzle zusammensetzen kannst, um die Miniaturfigur deines Lieblingscharakters zu formen.<br \/>\nInklusive Anleitungsblatt.<\/p>\n<p>F\u00f6rdert bessere Kreativit\u00e4t, psychomotorische F\u00e4higkeiten und r\u00e4umliches Sehen.<\/p>\n<p><img decoding=\"async\" class=\"alignnone wp-image-3532 size-full iconos-producto\" src=\"https:\/\/pixoworld.com\/wp-content\/uploads\/2020\/11\/iconos-producto.png\" alt=\"\" width=\"307\" height=\"60\"><\/p>\n","protected":false},"excerpt":{"rendered":"<p class=\"ai-optimize-35\">K\u00f6nig der B\u00fchne und des Schauspiels, mit mehr Posen als ein Yogakurs und einem Schnurrbart, der ein Land regieren k\u00f6nnte. Er singt, als hinge das Ende der Welt von jeder Note ab. Halb Diva, halb emotionales Erdbeben, lebt er, als w\u00e4re jeder Tag die letzte Zugabe &#8211; und immer im Falsett!  <span class=\"c-message__edited_label\" dir=\"ltr\" data-sk=\"tooltip_parent\"> <\/span><\/p>\n","protected":false},"featured_media":29542,"template":"","meta":[],"product_brand":[],"product_cat":[415],"product_tag":[1574,1575,1061,1377,879],"class_list":{"0":"post-29520","1":"product","2":"type-product","3":"status-publish","4":"has-post-thumbnail","6":"product_cat-helden","7":"product_tag-cantante-de","8":"product_tag-cantantes-de","9":"product_tag-freddie-mercury-de","10":"product_tag-musik-de","11":"product_tag-queen-de","13":"first","14":"instock","15":"taxable","16":"shipping-taxable","17":"purchasable","18":"product-type-simple"},"yoast_head":"<!-- This site is optimized with the Yoast SEO plugin v26.1.1 - https:\/\/yoast.com\/wordpress\/plugins\/seo\/ -->\n<title>Aiwan Tubifri - Pixo<\/title>\n<meta name=\"robots\" content=\"index, follow, max-snippet:-1, max-image-preview:large, max-video-preview:-1\" \/>\n<link rel=\"canonical\" href=\"https:\/\/pixoworld.com\/de\/producto\/eeeeoooo-copia\/\" \/>\n<meta property=\"og:locale\" content=\"de_DE\" \/>\n<meta property=\"og:type\" content=\"article\" \/>\n<meta property=\"og:title\" content=\"Aiwan Tubifri - Pixo\" \/>\n<meta property=\"og:description\" content=\"K\u00f6nig der B\u00fchne und des Schauspiels, mit mehr Posen als ein Yogakurs und einem Schnurrbart, der ein Land regieren k\u00f6nnte. Er singt, als hinge das Ende der Welt von jeder Note ab. Halb Diva, halb emotionales Erdbeben, lebt er, als w\u00e4re jeder Tag die letzte Zugabe - und immer im Falsett!\" \/>\n<meta property=\"og:url\" content=\"https:\/\/pixoworld.com\/de\/producto\/eeeeoooo-copia\/\" \/>\n<meta property=\"og:site_name\" content=\"Pixo\" \/>\n<meta property=\"article:publisher\" content=\"http:\/\/www.facebook.com\/pixoworld\" \/>\n<meta property=\"article:modified_time\" content=\"2025-06-24T18:26:09+00:00\" \/>\n<meta property=\"og:image\" content=\"https:\/\/pixoworld.com\/wp-content\/uploads\/2025\/06\/FM002_2.png\" \/>\n\t<meta property=\"og:image:width\" content=\"1000\" \/>\n\t<meta property=\"og:image:height\" content=\"1000\" \/>\n\t<meta property=\"og:image:type\" content=\"image\/png\" \/>\n<meta name=\"twitter:card\" content=\"summary_large_image\" \/>\n<meta name=\"twitter:site\" content=\"@pixoworld\" \/>\n<script type=\"application\/ld+json\" class=\"yoast-schema-graph\">{\"@context\":\"https:\/\/schema.org\",\"@graph\":[{\"@type\":\"WebPage\",\"@id\":\"https:\/\/pixoworld.com\/de\/producto\/eeeeoooo-copia\/\",\"url\":\"https:\/\/pixoworld.com\/de\/producto\/eeeeoooo-copia\/\",\"name\":\"Aiwan Tubifri - Pixo\",\"isPartOf\":{\"@id\":\"https:\/\/pixoworld.com\/de\/#website\"},\"primaryImageOfPage\":{\"@id\":\"https:\/\/pixoworld.com\/de\/producto\/eeeeoooo-copia\/#primaryimage\"},\"image\":{\"@id\":\"https:\/\/pixoworld.com\/de\/producto\/eeeeoooo-copia\/#primaryimage\"},\"thumbnailUrl\":\"https:\/\/pixoworld.com\/wp-content\/uploads\/2025\/06\/FM002_2.png\",\"datePublished\":\"2025-06-23T11:23:03+00:00\",\"dateModified\":\"2025-06-24T18:26:09+00:00\",\"inLanguage\":\"de\",\"potentialAction\":[{\"@type\":\"ReadAction\",\"target\":[\"https:\/\/pixoworld.com\/de\/producto\/eeeeoooo-copia\/\"]}]},{\"@type\":\"ImageObject\",\"inLanguage\":\"de\",\"@id\":\"https:\/\/pixoworld.com\/de\/producto\/eeeeoooo-copia\/#primaryimage\",\"url\":\"https:\/\/pixoworld.com\/wp-content\/uploads\/2025\/06\/FM002_2.png\",\"contentUrl\":\"https:\/\/pixoworld.com\/wp-content\/uploads\/2025\/06\/FM002_2.png\",\"width\":1000,\"height\":1000},{\"@type\":\"WebSite\",\"@id\":\"https:\/\/pixoworld.com\/de\/#website\",\"url\":\"https:\/\/pixoworld.com\/de\/\",\"name\":\"Pixo\",\"description\":\"Juntos, somos Pixo\",\"publisher\":{\"@id\":\"https:\/\/pixoworld.com\/de\/#organization\"},\"potentialAction\":[{\"@type\":\"SearchAction\",\"target\":{\"@type\":\"EntryPoint\",\"urlTemplate\":\"https:\/\/pixoworld.com\/de\/?s={search_term_string}\"},\"query-input\":{\"@type\":\"PropertyValueSpecification\",\"valueRequired\":true,\"valueName\":\"search_term_string\"}}],\"inLanguage\":\"de\"},{\"@type\":\"Organization\",\"@id\":\"https:\/\/pixoworld.com\/de\/#organization\",\"name\":\"Pixoworld\",\"alternateName\":\"PIXO\",\"url\":\"https:\/\/pixoworld.com\/de\/\",\"logo\":{\"@type\":\"ImageObject\",\"inLanguage\":\"de\",\"@id\":\"https:\/\/pixoworld.com\/de\/#\/schema\/logo\/image\/\",\"url\":\"https:\/\/pixoworld.com\/wp-content\/uploads\/2021\/11\/pixo-logotipo.png\",\"contentUrl\":\"https:\/\/pixoworld.com\/wp-content\/uploads\/2021\/11\/pixo-logotipo.png\",\"width\":200,\"height\":106,\"caption\":\"Pixoworld\"},\"image\":{\"@id\":\"https:\/\/pixoworld.com\/de\/#\/schema\/logo\/image\/\"},\"sameAs\":[\"http:\/\/www.facebook.com\/pixoworld\",\"https:\/\/x.com\/pixoworld\",\"https:\/\/www.instagram.com\/pixoworld\/\"]}]}<\/script>\n<!-- \/ Yoast SEO plugin. -->","yoast_head_json":{"title":"Aiwan Tubifri - Pixo","robots":{"index":"index","follow":"follow","max-snippet":"max-snippet:-1","max-image-preview":"max-image-preview:large","max-video-preview":"max-video-preview:-1"},"canonical":"https:\/\/pixoworld.com\/de\/producto\/eeeeoooo-copia\/","og_locale":"de_DE","og_type":"article","og_title":"Aiwan Tubifri - Pixo","og_description":"K\u00f6nig der B\u00fchne und des Schauspiels, mit mehr Posen als ein Yogakurs und einem Schnurrbart, der ein Land regieren k\u00f6nnte. Er singt, als hinge das Ende der Welt von jeder Note ab. Halb Diva, halb emotionales Erdbeben, lebt er, als w\u00e4re jeder Tag die letzte Zugabe - und immer im Falsett!","og_url":"https:\/\/pixoworld.com\/de\/producto\/eeeeoooo-copia\/","og_site_name":"Pixo","article_publisher":"http:\/\/www.facebook.com\/pixoworld","article_modified_time":"2025-06-24T18:26:09+00:00","og_image":[{"width":1000,"height":1000,"url":"https:\/\/pixoworld.com\/wp-content\/uploads\/2025\/06\/FM002_2.png","type":"image\/png"}],"twitter_card":"summary_large_image","twitter_site":"@pixoworld","schema":{"@context":"https:\/\/schema.org","@graph":[{"@type":"WebPage","@id":"https:\/\/pixoworld.com\/de\/producto\/eeeeoooo-copia\/","url":"https:\/\/pixoworld.com\/de\/producto\/eeeeoooo-copia\/","name":"Aiwan Tubifri - Pixo","isPartOf":{"@id":"https:\/\/pixoworld.com\/de\/#website"},"primaryImageOfPage":{"@id":"https:\/\/pixoworld.com\/de\/producto\/eeeeoooo-copia\/#primaryimage"},"image":{"@id":"https:\/\/pixoworld.com\/de\/producto\/eeeeoooo-copia\/#primaryimage"},"thumbnailUrl":"https:\/\/pixoworld.com\/wp-content\/uploads\/2025\/06\/FM002_2.png","datePublished":"2025-06-23T11:23:03+00:00","dateModified":"2025-06-24T18:26:09+00:00","inLanguage":"de","potentialAction":[{"@type":"ReadAction","target":["https:\/\/pixoworld.com\/de\/producto\/eeeeoooo-copia\/"]}]},{"@type":"ImageObject","inLanguage":"de","@id":"https:\/\/pixoworld.com\/de\/producto\/eeeeoooo-copia\/#primaryimage","url":"https:\/\/pixoworld.com\/wp-content\/uploads\/2025\/06\/FM002_2.png","contentUrl":"https:\/\/pixoworld.com\/wp-content\/uploads\/2025\/06\/FM002_2.png","width":1000,"height":1000},{"@type":"WebSite","@id":"https:\/\/pixoworld.com\/de\/#website","url":"https:\/\/pixoworld.com\/de\/","name":"Pixo","description":"Juntos, somos Pixo","publisher":{"@id":"https:\/\/pixoworld.com\/de\/#organization"},"potentialAction":[{"@type":"SearchAction","target":{"@type":"EntryPoint","urlTemplate":"https:\/\/pixoworld.com\/de\/?s={search_term_string}"},"query-input":{"@type":"PropertyValueSpecification","valueRequired":true,"valueName":"search_term_string"}}],"inLanguage":"de"},{"@type":"Organization","@id":"https:\/\/pixoworld.com\/de\/#organization","name":"Pixoworld","alternateName":"PIXO","url":"https:\/\/pixoworld.com\/de\/","logo":{"@type":"ImageObject","inLanguage":"de","@id":"https:\/\/pixoworld.com\/de\/#\/schema\/logo\/image\/","url":"https:\/\/pixoworld.com\/wp-content\/uploads\/2021\/11\/pixo-logotipo.png","contentUrl":"https:\/\/pixoworld.com\/wp-content\/uploads\/2021\/11\/pixo-logotipo.png","width":200,"height":106,"caption":"Pixoworld"},"image":{"@id":"https:\/\/pixoworld.com\/de\/#\/schema\/logo\/image\/"},"sameAs":["http:\/\/www.facebook.com\/pixoworld","https:\/\/x.com\/pixoworld","https:\/\/www.instagram.com\/pixoworld\/"]}]}},"_links":{"self":[{"href":"https:\/\/pixoworld.com\/de\/wp-json\/wp\/v2\/product\/29520","targetHints":{"allow":["GET"]}}],"collection":[{"href":"https:\/\/pixoworld.com\/de\/wp-json\/wp\/v2\/product"}],"about":[{"href":"https:\/\/pixoworld.com\/de\/wp-json\/wp\/v2\/types\/product"}],"wp:featuredmedia":[{"embeddable":true,"href":"https:\/\/pixoworld.com\/de\/wp-json\/wp\/v2\/media\/29542"}],"wp:attachment":[{"href":"https:\/\/pixoworld.com\/de\/wp-json\/wp\/v2\/media?parent=29520"}],"wp:term":[{"taxonomy":"product_brand","embeddable":true,"href":"https:\/\/pixoworld.com\/de\/wp-json\/wp\/v2\/product_brand?post=29520"},{"taxonomy":"product_cat","embeddable":true,"href":"https:\/\/pixoworld.com\/de\/wp-json\/wp\/v2\/product_cat?post=29520"},{"taxonomy":"product_tag","embeddable":true,"href":"https:\/\/pixoworld.com\/de\/wp-json\/wp\/v2\/product_tag?post=29520"}],"curies":[{"name":"wp","href":"https:\/\/api.w.org\/{rel}","templated":true}]}}