{"id":13803,"date":"2023-06-13T11:36:22","date_gmt":"2023-04-11T09:36:22","guid":{"rendered":"https:\/\/pixoworld.com\/?post_type=product&#038;p=13803"},"modified":"2023-04-12T08:39:27","modified_gmt":"2023-04-12T06:39:27","slug":"el-mariano","status":"publish","type":"product","link":"https:\/\/pixoworld.com\/de\/producto\/el-mariano\/","title":{"rendered":"El Mariano"},"content":{"rendered":"<p>Pixo ist sowohl ein Spielzeug f\u00fcr Kinder als auch ein Hobby f\u00fcr Erwachsene. Mehr als 150 Modelle widmen sich Charakteren aus Filmen, Serien, Animationen, Videospielen, Musik \u2026 Mini-Bl\u00f6cke \u00e4hneln den Teilen der beliebtesten Block-Sets, sind jedoch kleiner. Sie bestehen aus hochwertigem ABS-Kunststoff und haben eine perfekte Passform und ein ausgezeichnetes Finish Dieses Modell besteht aus einem Satz Mini-Bausteine, mit denen Sie ein dreidimensionales Puzzle zusammensetzen k\u00f6nnen, um die miniaturisierte Figur Ihres Lieblingscharakters zu formen. Enth\u00e4lt eine Gebrauchsanweisung. F\u00f6rdert bessere Kreativit\u00e4t, psychomotorische F\u00e4higkeiten und r\u00e4umliches Sehen.<\/p>\n<p><img decoding=\"async\" class=\"alignnone wp-image-3532 size-full iconos-producto\" src=\"https:\/\/pixoworld.com\/wp-content\/uploads\/2020\/11\/iconos-producto.png\" alt=\"\" width=\"307\" height=\"60\" \/><\/p>\n","protected":false},"excerpt":{"rendered":"<p>Ein leidenschaftlicher Verehrer der marianischen Lehre, geht in die Galaxie und lehrt die Menschen, wie man Hamburger isst, ohne den Helm abzunehmen. Es wird immer von einem gr\u00fcnen K\u00e4fer begleitet, der liebevoll der kleine Hirte genannt wird.<\/p>\n","protected":false},"featured_media":13820,"template":"","meta":[],"product_brand":[],"product_cat":[415],"product_tag":[436,455,483,1029,518,535,622,699,1136,1405,1174,882,933,1242,1263,1014],"class_list":{"0":"post-13803","1":"product","2":"type-product","3":"status-publish","4":"has-post-thumbnail","6":"product_cat-helden","7":"product_tag-baby-yoda-de","8":"product_tag-bb8-de","9":"product_tag-boba-fett-de","10":"product_tag-c3p8-de","11":"product_tag-chewbacca-de","12":"product_tag-darth-vader-de","13":"product_tag-han-solo-de","14":"product_tag-leia-de","15":"product_tag-luke-skywalker-de","16":"product_tag-mandalorian-de","17":"product_tag-obi-wan-kenobi-de","18":"product_tag-r2d2-de","19":"product_tag-star-wars-de","20":"product_tag-stormtrooper-de","21":"product_tag-trooper-de","22":"product_tag-yoda-de","24":"first","25":"instock","26":"taxable","27":"shipping-taxable","28":"purchasable","29":"product-type-simple"},"yoast_head":"<!-- This site is optimized with the Yoast SEO plugin v26.1.1 - https:\/\/yoast.com\/wordpress\/plugins\/seo\/ -->\n<title>El Mariano - Pixo<\/title>\n<meta name=\"robots\" content=\"index, follow, max-snippet:-1, max-image-preview:large, max-video-preview:-1\" \/>\n<link rel=\"canonical\" href=\"https:\/\/pixoworld.com\/de\/producto\/el-mariano\/\" \/>\n<meta property=\"og:locale\" content=\"de_DE\" \/>\n<meta property=\"og:type\" content=\"article\" \/>\n<meta property=\"og:title\" content=\"El Mariano - Pixo\" \/>\n<meta property=\"og:description\" content=\"Ein leidenschaftlicher Verehrer der marianischen Lehre, geht in die Galaxie und lehrt die Menschen, wie man Hamburger isst, ohne den Helm abzunehmen. Es wird immer von einem gr\u00fcnen K\u00e4fer begleitet, der liebevoll der kleine Hirte genannt wird.\" \/>\n<meta property=\"og:url\" content=\"https:\/\/pixoworld.com\/de\/producto\/el-mariano\/\" \/>\n<meta property=\"og:site_name\" content=\"Pixo\" \/>\n<meta property=\"article:publisher\" content=\"http:\/\/www.facebook.com\/pixoworld\" \/>\n<meta property=\"article:modified_time\" content=\"2023-04-12T06:39:27+00:00\" \/>\n<meta property=\"og:image\" content=\"https:\/\/pixoworld.com\/wp-content\/uploads\/2023\/04\/SW015.jpg\" \/>\n\t<meta property=\"og:image:width\" content=\"1000\" \/>\n\t<meta property=\"og:image:height\" content=\"1000\" \/>\n\t<meta property=\"og:image:type\" content=\"image\/jpeg\" \/>\n<meta name=\"twitter:card\" content=\"summary_large_image\" \/>\n<meta name=\"twitter:site\" content=\"@pixoworld\" \/>\n<script type=\"application\/ld+json\" class=\"yoast-schema-graph\">{\"@context\":\"https:\/\/schema.org\",\"@graph\":[{\"@type\":\"WebPage\",\"@id\":\"https:\/\/pixoworld.com\/de\/producto\/el-mariano\/\",\"url\":\"https:\/\/pixoworld.com\/de\/producto\/el-mariano\/\",\"name\":\"El Mariano - Pixo\",\"isPartOf\":{\"@id\":\"https:\/\/pixoworld.com\/de\/#website\"},\"primaryImageOfPage\":{\"@id\":\"https:\/\/pixoworld.com\/de\/producto\/el-mariano\/#primaryimage\"},\"image\":{\"@id\":\"https:\/\/pixoworld.com\/de\/producto\/el-mariano\/#primaryimage\"},\"thumbnailUrl\":\"https:\/\/pixoworld.com\/wp-content\/uploads\/2023\/04\/SW015.jpg\",\"datePublished\":\"2023-04-11T09:36:22+00:00\",\"dateModified\":\"2023-04-12T06:39:27+00:00\",\"inLanguage\":\"de\",\"potentialAction\":[{\"@type\":\"ReadAction\",\"target\":[\"https:\/\/pixoworld.com\/de\/producto\/el-mariano\/\"]}]},{\"@type\":\"ImageObject\",\"inLanguage\":\"de\",\"@id\":\"https:\/\/pixoworld.com\/de\/producto\/el-mariano\/#primaryimage\",\"url\":\"https:\/\/pixoworld.com\/wp-content\/uploads\/2023\/04\/SW015.jpg\",\"contentUrl\":\"https:\/\/pixoworld.com\/wp-content\/uploads\/2023\/04\/SW015.jpg\",\"width\":1000,\"height\":1000},{\"@type\":\"WebSite\",\"@id\":\"https:\/\/pixoworld.com\/de\/#website\",\"url\":\"https:\/\/pixoworld.com\/de\/\",\"name\":\"Pixo\",\"description\":\"Juntos, somos Pixo\",\"publisher\":{\"@id\":\"https:\/\/pixoworld.com\/de\/#organization\"},\"potentialAction\":[{\"@type\":\"SearchAction\",\"target\":{\"@type\":\"EntryPoint\",\"urlTemplate\":\"https:\/\/pixoworld.com\/de\/?s={search_term_string}\"},\"query-input\":{\"@type\":\"PropertyValueSpecification\",\"valueRequired\":true,\"valueName\":\"search_term_string\"}}],\"inLanguage\":\"de\"},{\"@type\":\"Organization\",\"@id\":\"https:\/\/pixoworld.com\/de\/#organization\",\"name\":\"Pixoworld\",\"alternateName\":\"PIXO\",\"url\":\"https:\/\/pixoworld.com\/de\/\",\"logo\":{\"@type\":\"ImageObject\",\"inLanguage\":\"de\",\"@id\":\"https:\/\/pixoworld.com\/de\/#\/schema\/logo\/image\/\",\"url\":\"https:\/\/pixoworld.com\/wp-content\/uploads\/2021\/11\/pixo-logotipo.png\",\"contentUrl\":\"https:\/\/pixoworld.com\/wp-content\/uploads\/2021\/11\/pixo-logotipo.png\",\"width\":200,\"height\":106,\"caption\":\"Pixoworld\"},\"image\":{\"@id\":\"https:\/\/pixoworld.com\/de\/#\/schema\/logo\/image\/\"},\"sameAs\":[\"http:\/\/www.facebook.com\/pixoworld\",\"https:\/\/x.com\/pixoworld\",\"https:\/\/www.instagram.com\/pixoworld\/\"]}]}<\/script>\n<!-- \/ Yoast SEO plugin. -->","yoast_head_json":{"title":"El Mariano - Pixo","robots":{"index":"index","follow":"follow","max-snippet":"max-snippet:-1","max-image-preview":"max-image-preview:large","max-video-preview":"max-video-preview:-1"},"canonical":"https:\/\/pixoworld.com\/de\/producto\/el-mariano\/","og_locale":"de_DE","og_type":"article","og_title":"El Mariano - Pixo","og_description":"Ein leidenschaftlicher Verehrer der marianischen Lehre, geht in die Galaxie und lehrt die Menschen, wie man Hamburger isst, ohne den Helm abzunehmen. Es wird immer von einem gr\u00fcnen K\u00e4fer begleitet, der liebevoll der kleine Hirte genannt wird.","og_url":"https:\/\/pixoworld.com\/de\/producto\/el-mariano\/","og_site_name":"Pixo","article_publisher":"http:\/\/www.facebook.com\/pixoworld","article_modified_time":"2023-04-12T06:39:27+00:00","og_image":[{"width":1000,"height":1000,"url":"https:\/\/pixoworld.com\/wp-content\/uploads\/2023\/04\/SW015.jpg","type":"image\/jpeg"}],"twitter_card":"summary_large_image","twitter_site":"@pixoworld","schema":{"@context":"https:\/\/schema.org","@graph":[{"@type":"WebPage","@id":"https:\/\/pixoworld.com\/de\/producto\/el-mariano\/","url":"https:\/\/pixoworld.com\/de\/producto\/el-mariano\/","name":"El Mariano - Pixo","isPartOf":{"@id":"https:\/\/pixoworld.com\/de\/#website"},"primaryImageOfPage":{"@id":"https:\/\/pixoworld.com\/de\/producto\/el-mariano\/#primaryimage"},"image":{"@id":"https:\/\/pixoworld.com\/de\/producto\/el-mariano\/#primaryimage"},"thumbnailUrl":"https:\/\/pixoworld.com\/wp-content\/uploads\/2023\/04\/SW015.jpg","datePublished":"2023-04-11T09:36:22+00:00","dateModified":"2023-04-12T06:39:27+00:00","inLanguage":"de","potentialAction":[{"@type":"ReadAction","target":["https:\/\/pixoworld.com\/de\/producto\/el-mariano\/"]}]},{"@type":"ImageObject","inLanguage":"de","@id":"https:\/\/pixoworld.com\/de\/producto\/el-mariano\/#primaryimage","url":"https:\/\/pixoworld.com\/wp-content\/uploads\/2023\/04\/SW015.jpg","contentUrl":"https:\/\/pixoworld.com\/wp-content\/uploads\/2023\/04\/SW015.jpg","width":1000,"height":1000},{"@type":"WebSite","@id":"https:\/\/pixoworld.com\/de\/#website","url":"https:\/\/pixoworld.com\/de\/","name":"Pixo","description":"Juntos, somos Pixo","publisher":{"@id":"https:\/\/pixoworld.com\/de\/#organization"},"potentialAction":[{"@type":"SearchAction","target":{"@type":"EntryPoint","urlTemplate":"https:\/\/pixoworld.com\/de\/?s={search_term_string}"},"query-input":{"@type":"PropertyValueSpecification","valueRequired":true,"valueName":"search_term_string"}}],"inLanguage":"de"},{"@type":"Organization","@id":"https:\/\/pixoworld.com\/de\/#organization","name":"Pixoworld","alternateName":"PIXO","url":"https:\/\/pixoworld.com\/de\/","logo":{"@type":"ImageObject","inLanguage":"de","@id":"https:\/\/pixoworld.com\/de\/#\/schema\/logo\/image\/","url":"https:\/\/pixoworld.com\/wp-content\/uploads\/2021\/11\/pixo-logotipo.png","contentUrl":"https:\/\/pixoworld.com\/wp-content\/uploads\/2021\/11\/pixo-logotipo.png","width":200,"height":106,"caption":"Pixoworld"},"image":{"@id":"https:\/\/pixoworld.com\/de\/#\/schema\/logo\/image\/"},"sameAs":["http:\/\/www.facebook.com\/pixoworld","https:\/\/x.com\/pixoworld","https:\/\/www.instagram.com\/pixoworld\/"]}]}},"_links":{"self":[{"href":"https:\/\/pixoworld.com\/de\/wp-json\/wp\/v2\/product\/13803","targetHints":{"allow":["GET"]}}],"collection":[{"href":"https:\/\/pixoworld.com\/de\/wp-json\/wp\/v2\/product"}],"about":[{"href":"https:\/\/pixoworld.com\/de\/wp-json\/wp\/v2\/types\/product"}],"wp:featuredmedia":[{"embeddable":true,"href":"https:\/\/pixoworld.com\/de\/wp-json\/wp\/v2\/media\/13820"}],"wp:attachment":[{"href":"https:\/\/pixoworld.com\/de\/wp-json\/wp\/v2\/media?parent=13803"}],"wp:term":[{"taxonomy":"product_brand","embeddable":true,"href":"https:\/\/pixoworld.com\/de\/wp-json\/wp\/v2\/product_brand?post=13803"},{"taxonomy":"product_cat","embeddable":true,"href":"https:\/\/pixoworld.com\/de\/wp-json\/wp\/v2\/product_cat?post=13803"},{"taxonomy":"product_tag","embeddable":true,"href":"https:\/\/pixoworld.com\/de\/wp-json\/wp\/v2\/product_tag?post=13803"}],"curies":[{"name":"wp","href":"https:\/\/api.w.org\/{rel}","templated":true}]}}