{"id":10026,"date":"2020-08-26T09:27:36","date_gmt":"2021-10-22T08:18:24","guid":{"rendered":"https:\/\/pixoworld.com\/producto\/dali-in-latzhose\/"},"modified":"2021-10-22T10:18:24","modified_gmt":"2021-10-22T08:18:24","slug":"dali-in-latzhose","status":"publish","type":"product","link":"https:\/\/pixoworld.com\/de\/producto\/dali-in-latzhose\/","title":{"rendered":"Dal\u00ed in Latzhose"},"content":{"rendered":"<p>Pixo ist sowohl ein Spielzeug f\u00fcr Kinder als auch ein Hobby f\u00fcr Erwachsene. Mehr als 150 Modelle widmen sich Charakteren aus Filmen, Serien, Animationen, Videospielen, Musik &#8230;<\/p>\n<p>Mini-Bl\u00f6cke \u00e4hneln den Teilen der beliebtesten Block-Sets, sind jedoch kleiner. Sie bestehen aus hochwertigem ABS-Kunststoff und haben eine perfekte Passform und ein ausgezeichnetes Finish. <\/p>\n<p>Dieses Modell besteht aus einem Satz Mini-Bausteine, mit denen Sie ein dreidimensionales Puzzle zusammensetzen k\u00f6nnen, um die miniaturisierte Figur Ihres Lieblingscharakters zu formen. Enth\u00e4lt eine Gebrauchsanweisung.<\/p>\n<p>F\u00f6rdert bessere Kreativit\u00e4t, psychomotorische F\u00e4higkeiten und r\u00e4umliches Sehen.<\/p>\n<p><img decoding=\"async\" class=\"alignnone wp-image-3532 size-full iconos-producto\" src=\"https:\/\/pixoworld.com\/wp-content\/uploads\/2020\/11\/iconos-producto.png\" alt=\"\" width=\"307\" height=\"60\"><\/p>\n","protected":false},"excerpt":{"rendered":"<p>Im Norden Spaniens geboren, ist er ber\u00fchmt daf\u00fcr, den Blick einer Ziege zu haben, die sich aus einer Schlucht beugt. Er liebt es, mit billigen Wasserfarben zu malen und sein Lieblingsfilm ist Ocean&#8217;s Eleven. <\/p>\n","protected":false},"featured_media":25002,"template":"","meta":[],"product_brand":[],"product_cat":[422],"product_tag":[1295,1186,1287],"class_list":{"0":"post-10026","1":"product","2":"type-product","3":"status-publish","4":"has-post-thumbnail","6":"product_cat-schurken","7":"product_tag-money-heist-de","8":"product_tag-netflix-de","9":"product_tag-serie-de","11":"first","12":"instock","13":"taxable","14":"shipping-taxable","15":"purchasable","16":"product-type-simple"},"yoast_head":"<!-- This site is optimized with the Yoast SEO plugin v26.1.1 - https:\/\/yoast.com\/wordpress\/plugins\/seo\/ -->\n<title>Dal\u00ed in Latzhose - Pixo<\/title>\n<meta name=\"robots\" content=\"index, follow, max-snippet:-1, max-image-preview:large, max-video-preview:-1\" \/>\n<link rel=\"canonical\" href=\"https:\/\/pixoworld.com\/de\/producto\/dali-in-latzhose\/\" \/>\n<meta property=\"og:locale\" content=\"de_DE\" \/>\n<meta property=\"og:type\" content=\"article\" \/>\n<meta property=\"og:title\" content=\"Dal\u00ed in Latzhose - Pixo\" \/>\n<meta property=\"og:description\" content=\"Im Norden Spaniens geboren, ist er ber\u00fchmt daf\u00fcr, den Blick einer Ziege zu haben, die sich aus einer Schlucht beugt. Er liebt es, mit billigen Wasserfarben zu malen und sein Lieblingsfilm ist Ocean&#039;s Eleven.\" \/>\n<meta property=\"og:url\" content=\"https:\/\/pixoworld.com\/de\/producto\/dali-in-latzhose\/\" \/>\n<meta property=\"og:site_name\" content=\"Pixo\" \/>\n<meta property=\"article:publisher\" content=\"http:\/\/www.facebook.com\/pixoworld\" \/>\n<meta property=\"og:image\" content=\"https:\/\/pixoworld.com\/wp-content\/uploads\/2020\/08\/CP001_2.png\" \/>\n\t<meta property=\"og:image:width\" content=\"1080\" \/>\n\t<meta property=\"og:image:height\" content=\"1080\" \/>\n\t<meta property=\"og:image:type\" content=\"image\/png\" \/>\n<meta name=\"twitter:card\" content=\"summary_large_image\" \/>\n<meta name=\"twitter:site\" content=\"@pixoworld\" \/>\n<script type=\"application\/ld+json\" class=\"yoast-schema-graph\">{\"@context\":\"https:\/\/schema.org\",\"@graph\":[{\"@type\":\"WebPage\",\"@id\":\"https:\/\/pixoworld.com\/de\/producto\/dali-in-latzhose\/\",\"url\":\"https:\/\/pixoworld.com\/de\/producto\/dali-in-latzhose\/\",\"name\":\"Dal\u00ed in Latzhose - Pixo\",\"isPartOf\":{\"@id\":\"https:\/\/pixoworld.com\/de\/#website\"},\"primaryImageOfPage\":{\"@id\":\"https:\/\/pixoworld.com\/de\/producto\/dali-in-latzhose\/#primaryimage\"},\"image\":{\"@id\":\"https:\/\/pixoworld.com\/de\/producto\/dali-in-latzhose\/#primaryimage\"},\"thumbnailUrl\":\"https:\/\/pixoworld.com\/wp-content\/uploads\/2020\/08\/CP001_2.png\",\"datePublished\":\"2021-10-22T08:18:24+00:00\",\"inLanguage\":\"de\",\"potentialAction\":[{\"@type\":\"ReadAction\",\"target\":[\"https:\/\/pixoworld.com\/de\/producto\/dali-in-latzhose\/\"]}]},{\"@type\":\"ImageObject\",\"inLanguage\":\"de\",\"@id\":\"https:\/\/pixoworld.com\/de\/producto\/dali-in-latzhose\/#primaryimage\",\"url\":\"https:\/\/pixoworld.com\/wp-content\/uploads\/2020\/08\/CP001_2.png\",\"contentUrl\":\"https:\/\/pixoworld.com\/wp-content\/uploads\/2020\/08\/CP001_2.png\",\"width\":1080,\"height\":1080},{\"@type\":\"WebSite\",\"@id\":\"https:\/\/pixoworld.com\/de\/#website\",\"url\":\"https:\/\/pixoworld.com\/de\/\",\"name\":\"Pixo\",\"description\":\"Juntos, somos Pixo\",\"publisher\":{\"@id\":\"https:\/\/pixoworld.com\/de\/#organization\"},\"potentialAction\":[{\"@type\":\"SearchAction\",\"target\":{\"@type\":\"EntryPoint\",\"urlTemplate\":\"https:\/\/pixoworld.com\/de\/?s={search_term_string}\"},\"query-input\":{\"@type\":\"PropertyValueSpecification\",\"valueRequired\":true,\"valueName\":\"search_term_string\"}}],\"inLanguage\":\"de\"},{\"@type\":\"Organization\",\"@id\":\"https:\/\/pixoworld.com\/de\/#organization\",\"name\":\"Pixoworld\",\"alternateName\":\"PIXO\",\"url\":\"https:\/\/pixoworld.com\/de\/\",\"logo\":{\"@type\":\"ImageObject\",\"inLanguage\":\"de\",\"@id\":\"https:\/\/pixoworld.com\/de\/#\/schema\/logo\/image\/\",\"url\":\"https:\/\/pixoworld.com\/wp-content\/uploads\/2021\/11\/pixo-logotipo.png\",\"contentUrl\":\"https:\/\/pixoworld.com\/wp-content\/uploads\/2021\/11\/pixo-logotipo.png\",\"width\":200,\"height\":106,\"caption\":\"Pixoworld\"},\"image\":{\"@id\":\"https:\/\/pixoworld.com\/de\/#\/schema\/logo\/image\/\"},\"sameAs\":[\"http:\/\/www.facebook.com\/pixoworld\",\"https:\/\/x.com\/pixoworld\",\"https:\/\/www.instagram.com\/pixoworld\/\"]}]}<\/script>\n<!-- \/ Yoast SEO plugin. -->","yoast_head_json":{"title":"Dal\u00ed in Latzhose - Pixo","robots":{"index":"index","follow":"follow","max-snippet":"max-snippet:-1","max-image-preview":"max-image-preview:large","max-video-preview":"max-video-preview:-1"},"canonical":"https:\/\/pixoworld.com\/de\/producto\/dali-in-latzhose\/","og_locale":"de_DE","og_type":"article","og_title":"Dal\u00ed in Latzhose - Pixo","og_description":"Im Norden Spaniens geboren, ist er ber\u00fchmt daf\u00fcr, den Blick einer Ziege zu haben, die sich aus einer Schlucht beugt. Er liebt es, mit billigen Wasserfarben zu malen und sein Lieblingsfilm ist Ocean's Eleven.","og_url":"https:\/\/pixoworld.com\/de\/producto\/dali-in-latzhose\/","og_site_name":"Pixo","article_publisher":"http:\/\/www.facebook.com\/pixoworld","og_image":[{"width":1080,"height":1080,"url":"https:\/\/pixoworld.com\/wp-content\/uploads\/2020\/08\/CP001_2.png","type":"image\/png"}],"twitter_card":"summary_large_image","twitter_site":"@pixoworld","schema":{"@context":"https:\/\/schema.org","@graph":[{"@type":"WebPage","@id":"https:\/\/pixoworld.com\/de\/producto\/dali-in-latzhose\/","url":"https:\/\/pixoworld.com\/de\/producto\/dali-in-latzhose\/","name":"Dal\u00ed in Latzhose - Pixo","isPartOf":{"@id":"https:\/\/pixoworld.com\/de\/#website"},"primaryImageOfPage":{"@id":"https:\/\/pixoworld.com\/de\/producto\/dali-in-latzhose\/#primaryimage"},"image":{"@id":"https:\/\/pixoworld.com\/de\/producto\/dali-in-latzhose\/#primaryimage"},"thumbnailUrl":"https:\/\/pixoworld.com\/wp-content\/uploads\/2020\/08\/CP001_2.png","datePublished":"2021-10-22T08:18:24+00:00","inLanguage":"de","potentialAction":[{"@type":"ReadAction","target":["https:\/\/pixoworld.com\/de\/producto\/dali-in-latzhose\/"]}]},{"@type":"ImageObject","inLanguage":"de","@id":"https:\/\/pixoworld.com\/de\/producto\/dali-in-latzhose\/#primaryimage","url":"https:\/\/pixoworld.com\/wp-content\/uploads\/2020\/08\/CP001_2.png","contentUrl":"https:\/\/pixoworld.com\/wp-content\/uploads\/2020\/08\/CP001_2.png","width":1080,"height":1080},{"@type":"WebSite","@id":"https:\/\/pixoworld.com\/de\/#website","url":"https:\/\/pixoworld.com\/de\/","name":"Pixo","description":"Juntos, somos Pixo","publisher":{"@id":"https:\/\/pixoworld.com\/de\/#organization"},"potentialAction":[{"@type":"SearchAction","target":{"@type":"EntryPoint","urlTemplate":"https:\/\/pixoworld.com\/de\/?s={search_term_string}"},"query-input":{"@type":"PropertyValueSpecification","valueRequired":true,"valueName":"search_term_string"}}],"inLanguage":"de"},{"@type":"Organization","@id":"https:\/\/pixoworld.com\/de\/#organization","name":"Pixoworld","alternateName":"PIXO","url":"https:\/\/pixoworld.com\/de\/","logo":{"@type":"ImageObject","inLanguage":"de","@id":"https:\/\/pixoworld.com\/de\/#\/schema\/logo\/image\/","url":"https:\/\/pixoworld.com\/wp-content\/uploads\/2021\/11\/pixo-logotipo.png","contentUrl":"https:\/\/pixoworld.com\/wp-content\/uploads\/2021\/11\/pixo-logotipo.png","width":200,"height":106,"caption":"Pixoworld"},"image":{"@id":"https:\/\/pixoworld.com\/de\/#\/schema\/logo\/image\/"},"sameAs":["http:\/\/www.facebook.com\/pixoworld","https:\/\/x.com\/pixoworld","https:\/\/www.instagram.com\/pixoworld\/"]}]}},"_links":{"self":[{"href":"https:\/\/pixoworld.com\/de\/wp-json\/wp\/v2\/product\/10026","targetHints":{"allow":["GET"]}}],"collection":[{"href":"https:\/\/pixoworld.com\/de\/wp-json\/wp\/v2\/product"}],"about":[{"href":"https:\/\/pixoworld.com\/de\/wp-json\/wp\/v2\/types\/product"}],"wp:featuredmedia":[{"embeddable":true,"href":"https:\/\/pixoworld.com\/de\/wp-json\/wp\/v2\/media\/25002"}],"wp:attachment":[{"href":"https:\/\/pixoworld.com\/de\/wp-json\/wp\/v2\/media?parent=10026"}],"wp:term":[{"taxonomy":"product_brand","embeddable":true,"href":"https:\/\/pixoworld.com\/de\/wp-json\/wp\/v2\/product_brand?post=10026"},{"taxonomy":"product_cat","embeddable":true,"href":"https:\/\/pixoworld.com\/de\/wp-json\/wp\/v2\/product_cat?post=10026"},{"taxonomy":"product_tag","embeddable":true,"href":"https:\/\/pixoworld.com\/de\/wp-json\/wp\/v2\/product_tag?post=10026"}],"curies":[{"name":"wp","href":"https:\/\/api.w.org\/{rel}","templated":true}]}}