{"id":10001,"date":"2020-11-04T10:59:50","date_gmt":"2021-10-22T07:42:34","guid":{"rendered":"https:\/\/pixoworld.com\/producto\/der-usurpator\/"},"modified":"2021-10-22T09:42:34","modified_gmt":"2021-10-22T07:42:34","slug":"der-usurpator","status":"publish","type":"product","link":"https:\/\/pixoworld.com\/de\/producto\/der-usurpator\/","title":{"rendered":"Der Usurpator"},"content":{"rendered":"<p>Pixo ist sowohl ein Spielzeug f\u00fcr Kinder als auch ein Hobby f\u00fcr Erwachsene. Mehr als 150 Modelle widmen sich Charakteren aus Filmen, Serien, Animationen, Videospielen, Musik &#8230;<\/p>\n<p>Mini-Bl\u00f6cke \u00e4hneln den Teilen der beliebtesten Block-Sets, sind jedoch kleiner. Sie bestehen aus hochwertigem ABS-Kunststoff und haben eine perfekte Passform und ein ausgezeichnetes Finish <\/p>\n<p>Dieses Modell besteht aus einem Satz Mini-Bausteine, mit denen Sie ein dreidimensionales Puzzle zusammensetzen k\u00f6nnen, um die miniaturisierte Figur Ihres Lieblingscharakters zu formen. Enth\u00e4lt eine Gebrauchsanweisung.<\/p>\n<p>F\u00f6rdert bessere Kreativit\u00e4t, psychomotorische F\u00e4higkeiten und r\u00e4umliches Sehen.<\/p>\n<p><img decoding=\"async\" class=\"alignnone wp-image-3532 size-full iconos-producto\" src=\"https:\/\/pixoworld.com\/wp-content\/uploads\/2020\/11\/iconos-producto.png\" alt=\"\" width=\"307\" height=\"60\"><\/p>\n","protected":false},"excerpt":{"rendered":"<p>Er kam f\u00fcr eine Woche auf die Erde und blieb am Ende f\u00fcr immer hier. Verliebt in Sonne und Strand, scheint er auf Mallorca geboren. Er ist ein Fan von Celtic Glasgow.  <\/p>\n","protected":false},"featured_media":9199,"template":"","meta":[],"product_brand":[],"product_cat":[419],"product_tag":[1027,1096,895,908],"class_list":{"0":"post-10001","1":"product","2":"type-product","3":"status-publish","4":"has-post-thumbnail","6":"product_cat-players-de","7":"product_tag-atari-de","8":"product_tag-gamer-de","9":"product_tag-retro-de","10":"product_tag-space-invaders-de","12":"first","13":"instock","14":"taxable","15":"shipping-taxable","16":"purchasable","17":"product-type-simple"},"yoast_head":"<!-- This site is optimized with the Yoast SEO plugin v26.1.1 - https:\/\/yoast.com\/wordpress\/plugins\/seo\/ -->\n<title>Der Usurpator - Pixo<\/title>\n<meta name=\"robots\" content=\"index, follow, max-snippet:-1, max-image-preview:large, max-video-preview:-1\" \/>\n<link rel=\"canonical\" href=\"https:\/\/pixoworld.com\/de\/producto\/der-usurpator\/\" \/>\n<meta property=\"og:locale\" content=\"de_DE\" \/>\n<meta property=\"og:type\" content=\"article\" \/>\n<meta property=\"og:title\" content=\"Der Usurpator - Pixo\" \/>\n<meta property=\"og:description\" content=\"Er kam f\u00fcr eine Woche auf die Erde und blieb am Ende f\u00fcr immer hier. Verliebt in Sonne und Strand, scheint er auf Mallorca geboren. Er ist ein Fan von Celtic Glasgow.\" \/>\n<meta property=\"og:url\" content=\"https:\/\/pixoworld.com\/de\/producto\/der-usurpator\/\" \/>\n<meta property=\"og:site_name\" content=\"Pixo\" \/>\n<meta property=\"article:publisher\" content=\"http:\/\/www.facebook.com\/pixoworld\" \/>\n<meta property=\"og:image\" content=\"https:\/\/pixoworld.com\/wp-content\/uploads\/2020\/11\/SI001.jpg\" \/>\n\t<meta property=\"og:image:width\" content=\"1000\" \/>\n\t<meta property=\"og:image:height\" content=\"1000\" \/>\n\t<meta property=\"og:image:type\" content=\"image\/jpeg\" \/>\n<meta name=\"twitter:card\" content=\"summary_large_image\" \/>\n<meta name=\"twitter:site\" content=\"@pixoworld\" \/>\n<script type=\"application\/ld+json\" class=\"yoast-schema-graph\">{\"@context\":\"https:\/\/schema.org\",\"@graph\":[{\"@type\":\"WebPage\",\"@id\":\"https:\/\/pixoworld.com\/de\/producto\/der-usurpator\/\",\"url\":\"https:\/\/pixoworld.com\/de\/producto\/der-usurpator\/\",\"name\":\"Der Usurpator - Pixo\",\"isPartOf\":{\"@id\":\"https:\/\/pixoworld.com\/de\/#website\"},\"primaryImageOfPage\":{\"@id\":\"https:\/\/pixoworld.com\/de\/producto\/der-usurpator\/#primaryimage\"},\"image\":{\"@id\":\"https:\/\/pixoworld.com\/de\/producto\/der-usurpator\/#primaryimage\"},\"thumbnailUrl\":\"https:\/\/pixoworld.com\/wp-content\/uploads\/2020\/11\/SI001.jpg\",\"datePublished\":\"2021-10-22T07:42:34+00:00\",\"inLanguage\":\"de\",\"potentialAction\":[{\"@type\":\"ReadAction\",\"target\":[\"https:\/\/pixoworld.com\/de\/producto\/der-usurpator\/\"]}]},{\"@type\":\"ImageObject\",\"inLanguage\":\"de\",\"@id\":\"https:\/\/pixoworld.com\/de\/producto\/der-usurpator\/#primaryimage\",\"url\":\"https:\/\/pixoworld.com\/wp-content\/uploads\/2020\/11\/SI001.jpg\",\"contentUrl\":\"https:\/\/pixoworld.com\/wp-content\/uploads\/2020\/11\/SI001.jpg\",\"width\":1000,\"height\":1000},{\"@type\":\"WebSite\",\"@id\":\"https:\/\/pixoworld.com\/de\/#website\",\"url\":\"https:\/\/pixoworld.com\/de\/\",\"name\":\"Pixo\",\"description\":\"Juntos, somos Pixo\",\"publisher\":{\"@id\":\"https:\/\/pixoworld.com\/de\/#organization\"},\"potentialAction\":[{\"@type\":\"SearchAction\",\"target\":{\"@type\":\"EntryPoint\",\"urlTemplate\":\"https:\/\/pixoworld.com\/de\/?s={search_term_string}\"},\"query-input\":{\"@type\":\"PropertyValueSpecification\",\"valueRequired\":true,\"valueName\":\"search_term_string\"}}],\"inLanguage\":\"de\"},{\"@type\":\"Organization\",\"@id\":\"https:\/\/pixoworld.com\/de\/#organization\",\"name\":\"Pixoworld\",\"alternateName\":\"PIXO\",\"url\":\"https:\/\/pixoworld.com\/de\/\",\"logo\":{\"@type\":\"ImageObject\",\"inLanguage\":\"de\",\"@id\":\"https:\/\/pixoworld.com\/de\/#\/schema\/logo\/image\/\",\"url\":\"https:\/\/pixoworld.com\/wp-content\/uploads\/2021\/11\/pixo-logotipo.png\",\"contentUrl\":\"https:\/\/pixoworld.com\/wp-content\/uploads\/2021\/11\/pixo-logotipo.png\",\"width\":200,\"height\":106,\"caption\":\"Pixoworld\"},\"image\":{\"@id\":\"https:\/\/pixoworld.com\/de\/#\/schema\/logo\/image\/\"},\"sameAs\":[\"http:\/\/www.facebook.com\/pixoworld\",\"https:\/\/x.com\/pixoworld\",\"https:\/\/www.instagram.com\/pixoworld\/\"]}]}<\/script>\n<!-- \/ Yoast SEO plugin. -->","yoast_head_json":{"title":"Der Usurpator - Pixo","robots":{"index":"index","follow":"follow","max-snippet":"max-snippet:-1","max-image-preview":"max-image-preview:large","max-video-preview":"max-video-preview:-1"},"canonical":"https:\/\/pixoworld.com\/de\/producto\/der-usurpator\/","og_locale":"de_DE","og_type":"article","og_title":"Der Usurpator - Pixo","og_description":"Er kam f\u00fcr eine Woche auf die Erde und blieb am Ende f\u00fcr immer hier. Verliebt in Sonne und Strand, scheint er auf Mallorca geboren. Er ist ein Fan von Celtic Glasgow.","og_url":"https:\/\/pixoworld.com\/de\/producto\/der-usurpator\/","og_site_name":"Pixo","article_publisher":"http:\/\/www.facebook.com\/pixoworld","og_image":[{"width":1000,"height":1000,"url":"https:\/\/pixoworld.com\/wp-content\/uploads\/2020\/11\/SI001.jpg","type":"image\/jpeg"}],"twitter_card":"summary_large_image","twitter_site":"@pixoworld","schema":{"@context":"https:\/\/schema.org","@graph":[{"@type":"WebPage","@id":"https:\/\/pixoworld.com\/de\/producto\/der-usurpator\/","url":"https:\/\/pixoworld.com\/de\/producto\/der-usurpator\/","name":"Der Usurpator - Pixo","isPartOf":{"@id":"https:\/\/pixoworld.com\/de\/#website"},"primaryImageOfPage":{"@id":"https:\/\/pixoworld.com\/de\/producto\/der-usurpator\/#primaryimage"},"image":{"@id":"https:\/\/pixoworld.com\/de\/producto\/der-usurpator\/#primaryimage"},"thumbnailUrl":"https:\/\/pixoworld.com\/wp-content\/uploads\/2020\/11\/SI001.jpg","datePublished":"2021-10-22T07:42:34+00:00","inLanguage":"de","potentialAction":[{"@type":"ReadAction","target":["https:\/\/pixoworld.com\/de\/producto\/der-usurpator\/"]}]},{"@type":"ImageObject","inLanguage":"de","@id":"https:\/\/pixoworld.com\/de\/producto\/der-usurpator\/#primaryimage","url":"https:\/\/pixoworld.com\/wp-content\/uploads\/2020\/11\/SI001.jpg","contentUrl":"https:\/\/pixoworld.com\/wp-content\/uploads\/2020\/11\/SI001.jpg","width":1000,"height":1000},{"@type":"WebSite","@id":"https:\/\/pixoworld.com\/de\/#website","url":"https:\/\/pixoworld.com\/de\/","name":"Pixo","description":"Juntos, somos Pixo","publisher":{"@id":"https:\/\/pixoworld.com\/de\/#organization"},"potentialAction":[{"@type":"SearchAction","target":{"@type":"EntryPoint","urlTemplate":"https:\/\/pixoworld.com\/de\/?s={search_term_string}"},"query-input":{"@type":"PropertyValueSpecification","valueRequired":true,"valueName":"search_term_string"}}],"inLanguage":"de"},{"@type":"Organization","@id":"https:\/\/pixoworld.com\/de\/#organization","name":"Pixoworld","alternateName":"PIXO","url":"https:\/\/pixoworld.com\/de\/","logo":{"@type":"ImageObject","inLanguage":"de","@id":"https:\/\/pixoworld.com\/de\/#\/schema\/logo\/image\/","url":"https:\/\/pixoworld.com\/wp-content\/uploads\/2021\/11\/pixo-logotipo.png","contentUrl":"https:\/\/pixoworld.com\/wp-content\/uploads\/2021\/11\/pixo-logotipo.png","width":200,"height":106,"caption":"Pixoworld"},"image":{"@id":"https:\/\/pixoworld.com\/de\/#\/schema\/logo\/image\/"},"sameAs":["http:\/\/www.facebook.com\/pixoworld","https:\/\/x.com\/pixoworld","https:\/\/www.instagram.com\/pixoworld\/"]}]}},"_links":{"self":[{"href":"https:\/\/pixoworld.com\/de\/wp-json\/wp\/v2\/product\/10001","targetHints":{"allow":["GET"]}}],"collection":[{"href":"https:\/\/pixoworld.com\/de\/wp-json\/wp\/v2\/product"}],"about":[{"href":"https:\/\/pixoworld.com\/de\/wp-json\/wp\/v2\/types\/product"}],"wp:featuredmedia":[{"embeddable":true,"href":"https:\/\/pixoworld.com\/de\/wp-json\/wp\/v2\/media\/9199"}],"wp:attachment":[{"href":"https:\/\/pixoworld.com\/de\/wp-json\/wp\/v2\/media?parent=10001"}],"wp:term":[{"taxonomy":"product_brand","embeddable":true,"href":"https:\/\/pixoworld.com\/de\/wp-json\/wp\/v2\/product_brand?post=10001"},{"taxonomy":"product_cat","embeddable":true,"href":"https:\/\/pixoworld.com\/de\/wp-json\/wp\/v2\/product_cat?post=10001"},{"taxonomy":"product_tag","embeddable":true,"href":"https:\/\/pixoworld.com\/de\/wp-json\/wp\/v2\/product_tag?post=10001"}],"curies":[{"name":"wp","href":"https:\/\/api.w.org\/{rel}","templated":true}]}}